{"id":10302,"date":"2019-03-04T22:48:29","date_gmt":"2019-03-04T21:48:29","guid":{"rendered":"http:\/\/amazing-flat-beauties.de\/?page_id=10302"},"modified":"2025-09-20T18:19:17","modified_gmt":"2025-09-20T16:19:17","slug":"wir-suchen","status":"publish","type":"page","link":"https:\/\/amazing-flat-beauties.de\/?page_id=10302","title":{"rendered":"Wir suchen"},"content":{"rendered":"\n<p>Das Amazing Flat Beauties Team ist immer auf der Suche nach neuen Mitgliedern \ud83d\ude09<\/p>\n\n\n\n<p>Wir sind stetig auf der Suche nach vertrauensw\u00fcrdigen, verantwortungsvollen Familien oder Personen die unsere Zucht mit einer Co Ownerschaft unterst\u00fctzen.<\/p>\n\n\n\n<p><strong>Was ist eigentlich so eine Co Ownerschaft?<\/strong><\/p>\n\n\n\n<p>F\u00fcr uns bedeutet z\u00fcchten mit Herz, dass der einzelne Hund immer im Mittelpunkt steht. <br>Es geht nicht um unsere Pl\u00e4ne oder den n\u00e4chsten Wurf, sondern um das Leben, das ein Hund f\u00fchren darf, mit all den Dingen, die dazu geh\u00f6ren: Liebe, Geborgenheit, N\u00e4he, Freude und Ruhe. <\/p>\n\n\n\n<p>Um das zu gew\u00e4hrleisten, setzen wir auf Co Ownerschaft Konzept, das oft fehlinterpretiert wird, dabei ist es die ehrlichste, fairste und hundegerechteste Methode, die es gibt, frisches Blut in die Linien zu bringen, die Hunde nicht zu \u00fcberlasten und den genetischen Flaschenhals zu erweitern, den wir leider auch beim Flat Coated Retriever mittlerweile haben. <\/p>\n\n\n\n<p>Der auserw\u00e4hlte Hund lebt nicht bei uns, sondern bei seiner eigenen Familie. Dort ist er ein fest integrierter Teil des Alltags, erh\u00e4lt volle Aufmerksamkeit und darf einfach Hund sein. Es gibt kein Zwingerleben, keinen \u201eeiner von vielen\u201c und keine sp\u00e4tere Abgabe nach der Zuchtzeit (was wir sowieso grunds\u00e4tzlich nicht machen). Stattdessen ist er f\u00fcr immer in seinem zuhause.\u00a0<\/p>\n\n\n\n<p>Als Z\u00fcchter begleiten wir, aber kontrollieren nicht. Zuchtrelevanten Kosten, organisieren der Untersuchungen, Ausstellungen und Wurfplanungen sind alles unsere Aufgaben.<\/p>\n\n\n\n<p><\/p>\n\n\n\n<p><strong>Wieso machen wir das?<\/strong><\/p>\n\n\n\n<p>Wir m\u00fcssen ehrlich sein: Es ist einfach nicht realistisch, zehn, elf oder sogar mehr Hunde in einem Haushalt zu halten und jedem einzelnen die Aufmerksamkeit und F\u00fcrsorge zu schenken, die er verdient. Besonders bei dieser Rasse , die so menschenbezogen ist, wie der Flat.<\/p>\n\n\n\n<p>Nat\u00fcrlich kann man die Hunde f\u00fcttern, pflegen und besch\u00e4ftigen. Aber wirklich zu sehen, was sie brauchen? Ihre Gef\u00fchle zu erkennen? Eine echte Beziehung aufzubauen? <br>Das ist kaum m\u00f6glich, wenn die Hunde in einer gro\u00dfen Gruppe leben, sich die Bezugsperson mit vielen anderen teilen m\u00fcssen und um Aufmerksamkeit konkurrieren. <\/p>\n\n\n\n<p>Deshalb ist dieses Konzept kein Kompromiss, sondern eine absolute \u00dcberzeugung. <\/p>\n\n\n\n<p><strong>Wie l\u00e4uft das ab :<\/strong><br>Du erh\u00e4ltst einen wundervollen Hund, der viel Potenzial mitbringt. Er lebt bei dir, geh\u00f6rt zu deiner Familie, und wir bleiben w\u00e4hrend des gesamten Prozesses in engem Kontakt. <br>Wir sind deine Ansprechpartner f\u00fcr alles was anliegt. Der Hund wird erstmal kostenfrei abgegeben.<\/p>\n\n\n\n<p>Wenn dein Hund zuchttauglich ist und sowohl gesundheitlich als auch charakterlich alle Voraussetzungen erf\u00fcllt, k\u00f6nnen wir gemeinsam in die Zucht zu starten. <br>Dabei entscheiden wir alles in Absprache, im Tempo des Hundes und stets mit dem Ziel, dass es f\u00fcr alle passt.\u00a0<\/p>\n\n\n\n<p>Bei R\u00fcden holen wir ihn ab, wenn eine H\u00fcndin gedeckt werden soll, daher ist uns bei R\u00fcden ein Umkreis von etwa 50 km sehr wichtig. F\u00fcr H\u00fcndinnen ist der Radius weniger entscheidend: Sie kommen f\u00fcr 2-3 W\u00fcrfe zu uns, leben dann bei uns und ziehen ihre Welpen bei uns gro\u00df (ungef\u00e4hr 10 Wochen).<br>Und glaube mir, wir werden alle Liebe geben und alles notwendige tun, um diese H\u00fcndin in guter Verfassung und Kondition zu halten.<br>Gesundheit und Wohlbefinden unserer Hunde steht bei uns an erster Stelle und auch Besuche sind immer gern gesehen.<br>Damit das f\u00fcr die H\u00fcndin kein Stress ist, ist es hilfreich, wenn wir uns regelm\u00e4\u00dfig treffen, damit sie sich bei uns wohlf\u00fchlt und uns gut kennt.\u00a0<\/p>\n\n\n\n<p>Falls sich herausstellt, dass dein Hund nicht zuchttauglich ist, ist das absolut in Ordnung. Dann bleibt er einfach dein Hund, ohne Diskussion, R\u00fcckgabe oder Reue, du erh\u00e4ltst in jedem Fall das Vorkaufsrecht!<br>F\u00fcr uns steht immer das Wohl des Tieres im Vordergrund.<\/p>\n\n\n\n<p><strong>Was wir uns w\u00fcnschen<\/strong>:<\/p>\n\n\n\n<p>Wir suchen keine kurzfristigen Pflegefamilien, sondern Menschen, die mit Herz dabei sind. Menschen, die Lust haben, gemeinsam mit uns diesen Weg zu gehen, offen und ehrlich kommunizieren, Fragen stellen und sich aktiv einbringen m\u00f6chten. Uns ist wichtig, dass du sagst: \u201eIch m\u00f6chte einem Hund ein liebevolles Zuhause geben und gleichzeitig Teil dieser Familie sein&#8220;<\/p>\n\n\n\n<p>Schon viele Jahre arbeiten wir mit diesem Konzept und unsere Co Owner sind happy damit und wir nat\u00fcrlich auch.<br>Kontakt zu unseren Co Ownern ist uns sehr wichtig, wobei wir aber nie aufdringlich nervig auftreten, so sagt man es zumindest nach.<br><\/p>\n\n\n\n<p>Bei Fragen gerne melden !<\/p>\n\n\n\n<p>Handy 0175\/2426905<br>FON    06462\/40063<\/p>\n\n\n\n<figure class=\"wp-block-image size-large\"><img data-recalc-dims=\"1\" loading=\"lazy\" decoding=\"async\" width=\"529\" height=\"517\" data-attachment-id=\"12174\" data-permalink=\"https:\/\/amazing-flat-beauties.de\/?attachment_id=12174\" data-orig-file=\"https:\/\/i0.wp.com\/amazing-flat-beauties.de\/wp-content\/uploads\/2025\/03\/img_1342.jpg?fit=2000%2C1956&amp;ssl=1\" data-orig-size=\"2000,1956\" data-comments-opened=\"1\" data-image-meta=\"{&quot;aperture&quot;:&quot;1.78&quot;,&quot;credit&quot;:&quot;&quot;,&quot;camera&quot;:&quot;iPhone 14 Pro Max&quot;,&quot;caption&quot;:&quot;&quot;,&quot;created_timestamp&quot;:&quot;1741285237&quot;,&quot;copyright&quot;:&quot;&quot;,&quot;focal_length&quot;:&quot;6.86&quot;,&quot;iso&quot;:&quot;400&quot;,&quot;shutter_speed&quot;:&quot;0.016666666666667&quot;,&quot;title&quot;:&quot;&quot;,&quot;orientation&quot;:&quot;1&quot;}\" data-image-title=\"img_1342\" data-image-description=\"\" data-image-caption=\"\" data-medium-file=\"https:\/\/i0.wp.com\/amazing-flat-beauties.de\/wp-content\/uploads\/2025\/03\/img_1342.jpg?fit=300%2C293&amp;ssl=1\" data-large-file=\"https:\/\/i0.wp.com\/amazing-flat-beauties.de\/wp-content\/uploads\/2025\/03\/img_1342.jpg?fit=529%2C517&amp;ssl=1\" src=\"https:\/\/i0.wp.com\/amazing-flat-beauties.de\/wp-content\/uploads\/2025\/03\/img_1342.jpg?resize=529%2C517&#038;ssl=1\" alt=\"\" class=\"wp-image-12174\" srcset=\"https:\/\/i0.wp.com\/amazing-flat-beauties.de\/wp-content\/uploads\/2025\/03\/img_1342.jpg?resize=1024%2C1001&amp;ssl=1 1024w, https:\/\/i0.wp.com\/amazing-flat-beauties.de\/wp-content\/uploads\/2025\/03\/img_1342.jpg?resize=300%2C293&amp;ssl=1 300w, https:\/\/i0.wp.com\/amazing-flat-beauties.de\/wp-content\/uploads\/2025\/03\/img_1342.jpg?resize=768%2C751&amp;ssl=1 768w, https:\/\/i0.wp.com\/amazing-flat-beauties.de\/wp-content\/uploads\/2025\/03\/img_1342.jpg?resize=1536%2C1502&amp;ssl=1 1536w, https:\/\/i0.wp.com\/amazing-flat-beauties.de\/wp-content\/uploads\/2025\/03\/img_1342.jpg?w=2000&amp;ssl=1 2000w, https:\/\/i0.wp.com\/amazing-flat-beauties.de\/wp-content\/uploads\/2025\/03\/img_1342.jpg?w=1587&amp;ssl=1 1587w\" sizes=\"auto, (max-width: 529px) 100vw, 529px\" \/><\/figure>\n\n\n\n<p><\/p>\n\n\n\n<p><\/p>\n\n\n\n<p><\/p>\n\n\n\n<p><\/p>\n","protected":false},"excerpt":{"rendered":"<p>Das Amazing Flat Beauties Team ist immer auf der Suche nach neuen Mitgliedern \ud83d\ude09 Wir sind stetig auf der Suche &hellip;<\/p>\n<p><a href=\"https:\/\/amazing-flat-beauties.de\/?page_id=10302\">Continue reading <span class=\"meta-nav\">&rarr;<\/span><\/a><\/p>\n","protected":false},"author":1,"featured_media":0,"parent":0,"menu_order":3,"comment_status":"closed","ping_status":"closed","template":"","meta":{"jetpack_post_was_ever_published":false,"footnotes":""},"class_list":["post-10302","page","type-page","status-publish","hentry"],"jetpack_sharing_enabled":true,"jetpack_shortlink":"https:\/\/wp.me\/P9WiID-2Ga","jetpack-related-posts":[],"_links":{"self":[{"href":"https:\/\/amazing-flat-beauties.de\/index.php?rest_route=\/wp\/v2\/pages\/10302","targetHints":{"allow":["GET"]}}],"collection":[{"href":"https:\/\/amazing-flat-beauties.de\/index.php?rest_route=\/wp\/v2\/pages"}],"about":[{"href":"https:\/\/amazing-flat-beauties.de\/index.php?rest_route=\/wp\/v2\/types\/page"}],"author":[{"embeddable":true,"href":"https:\/\/amazing-flat-beauties.de\/index.php?rest_route=\/wp\/v2\/users\/1"}],"replies":[{"embeddable":true,"href":"https:\/\/amazing-flat-beauties.de\/index.php?rest_route=%2Fwp%2Fv2%2Fcomments&post=10302"}],"version-history":[{"count":22,"href":"https:\/\/amazing-flat-beauties.de\/index.php?rest_route=\/wp\/v2\/pages\/10302\/revisions"}],"predecessor-version":[{"id":12219,"href":"https:\/\/amazing-flat-beauties.de\/index.php?rest_route=\/wp\/v2\/pages\/10302\/revisions\/12219"}],"wp:attachment":[{"href":"https:\/\/amazing-flat-beauties.de\/index.php?rest_route=%2Fwp%2Fv2%2Fmedia&parent=10302"}],"curies":[{"name":"wp","href":"https:\/\/api.w.org\/{rel}","templated":true}]}}