{"id":11482,"date":"2022-08-26T06:59:20","date_gmt":"2022-08-26T05:59:20","guid":{"rendered":"https:\/\/amazing-flat-beauties.de\/?page_id=11482"},"modified":"2026-05-06T15:21:37","modified_gmt":"2026-05-06T13:21:37","slug":"queeny","status":"publish","type":"page","link":"https:\/\/amazing-flat-beauties.de\/?page_id=11482","title":{"rendered":"Valneriz &#8211; Once in a lifetime Queeny"},"content":{"rendered":"\n<figure class=\"wp-block-image size-large\"><img data-recalc-dims=\"1\" loading=\"lazy\" decoding=\"async\" width=\"529\" height=\"650\" data-attachment-id=\"11511\" data-permalink=\"https:\/\/amazing-flat-beauties.de\/?attachment_id=11511\" data-orig-file=\"https:\/\/i0.wp.com\/amazing-flat-beauties.de\/wp-content\/uploads\/2022\/09\/B56D5F50-DD23-4C26-9559-52D0A599288F_1_201_a-scaled.jpeg?fit=2083%2C2560&amp;ssl=1\" data-orig-size=\"2083,2560\" data-comments-opened=\"1\" data-image-meta=\"{&quot;aperture&quot;:&quot;2&quot;,&quot;credit&quot;:&quot;&quot;,&quot;camera&quot;:&quot;iPhone 11 Pro Max&quot;,&quot;caption&quot;:&quot;&quot;,&quot;created_timestamp&quot;:&quot;1662577129&quot;,&quot;copyright&quot;:&quot;&quot;,&quot;focal_length&quot;:&quot;6&quot;,&quot;iso&quot;:&quot;32&quot;,&quot;shutter_speed&quot;:&quot;0.0081967213114754&quot;,&quot;title&quot;:&quot;&quot;,&quot;orientation&quot;:&quot;1&quot;}\" data-image-title=\"B56D5F50-DD23-4C26-9559-52D0A599288F_1_201_a\" data-image-description=\"\" data-image-caption=\"\" data-large-file=\"https:\/\/i0.wp.com\/amazing-flat-beauties.de\/wp-content\/uploads\/2022\/09\/B56D5F50-DD23-4C26-9559-52D0A599288F_1_201_a-scaled.jpeg?fit=529%2C650&amp;ssl=1\" src=\"https:\/\/i0.wp.com\/amazing-flat-beauties.de\/wp-content\/uploads\/2022\/09\/B56D5F50-DD23-4C26-9559-52D0A599288F_1_201_a.jpeg?resize=529%2C650&#038;ssl=1\" alt=\"\" class=\"wp-image-11511\" srcset=\"https:\/\/i0.wp.com\/amazing-flat-beauties.de\/wp-content\/uploads\/2022\/09\/B56D5F50-DD23-4C26-9559-52D0A599288F_1_201_a-scaled.jpeg?resize=833%2C1024&amp;ssl=1 833w, https:\/\/i0.wp.com\/amazing-flat-beauties.de\/wp-content\/uploads\/2022\/09\/B56D5F50-DD23-4C26-9559-52D0A599288F_1_201_a-scaled.jpeg?resize=244%2C300&amp;ssl=1 244w, https:\/\/i0.wp.com\/amazing-flat-beauties.de\/wp-content\/uploads\/2022\/09\/B56D5F50-DD23-4C26-9559-52D0A599288F_1_201_a-scaled.jpeg?resize=768%2C944&amp;ssl=1 768w, https:\/\/i0.wp.com\/amazing-flat-beauties.de\/wp-content\/uploads\/2022\/09\/B56D5F50-DD23-4C26-9559-52D0A599288F_1_201_a-scaled.jpeg?resize=1250%2C1536&amp;ssl=1 1250w, https:\/\/i0.wp.com\/amazing-flat-beauties.de\/wp-content\/uploads\/2022\/09\/B56D5F50-DD23-4C26-9559-52D0A599288F_1_201_a-scaled.jpeg?resize=1666%2C2048&amp;ssl=1 1666w, https:\/\/i0.wp.com\/amazing-flat-beauties.de\/wp-content\/uploads\/2022\/09\/B56D5F50-DD23-4C26-9559-52D0A599288F_1_201_a-scaled.jpeg?w=1058&amp;ssl=1 1058w, https:\/\/i0.wp.com\/amazing-flat-beauties.de\/wp-content\/uploads\/2022\/09\/B56D5F50-DD23-4C26-9559-52D0A599288F_1_201_a-scaled.jpeg?w=1587&amp;ssl=1 1587w\" sizes=\"auto, (max-width: 529px) 100vw, 529px\" \/><figcaption class=\"wp-element-caption\">Valneriz &#8211; Once in a Lifetime *01.05.2021 (FCI PAPIERE)<\/figcaption><\/figure>\n\n\n\n<p>Ja, sie sehen richtig, es ist ein gelber Flat ! Mit Queeny habe ich mir einen Lebenstraum erf\u00fcllt und dieser Hund ist auch ein Traum. Ein lustiger quirliger Clown der uns einfach noch in der Sammlung gefehlt hat.<br>Liebenswert und sehr gelehrig aber auch manchmal ziemlich chaotisch und frech&#8230; man muss sie einfach lieb haben. Queeny kommt aus Russland und ich danke Anna so sehr das sie uns das erm\u00f6glicht hat.<br>Die junge Dame kann auch mit ihren tollen Gesundheitsergebnissen aufwarten<\/p>\n\n\n\n<p>HD A2\/A2<\/p>\n\n\n\n<p>ED frei<\/p>\n\n\n\n<p>OCD frei<\/p>\n\n\n\n<p>PL 0<\/p>\n\n\n\n<p>( GRSK Dr Tellhelm )<\/p>\n\n\n\n<p>PRA\/HC\/RD\/Gonio frei (DOK)&nbsp;<br><br>Herz klar (Herzultraschall mit Farbdoppler) Dr. Wendt Collegium Cardiologicum<\/p>\n\n\n\n<p>Schilddr\u00fcse frei ( Laboklin)<br><br>Genotyp:  Bbee<\/p>\n\n\n\n<p>Dilution: N\/N (frei)<\/p>\n\n\n\n<p>Wesenstest bestanden <\/p>\n\n\n\n<p>Zuchtzulassung ohne Auflagen <\/p>\n\n\n\n<p>Wir freuen uns einfach MEGA !<br><\/p>\n\n\n\n<p><br><br>VHI AUSSTELLUNG IN BERLIN \/ HELLERSDORF <\/p>\n\n\n\n<figure class=\"wp-block-image size-large\"><img data-recalc-dims=\"1\" loading=\"lazy\" decoding=\"async\" width=\"529\" height=\"381\" data-attachment-id=\"11508\" data-permalink=\"https:\/\/amazing-flat-beauties.de\/?attachment_id=11508\" data-orig-file=\"https:\/\/i0.wp.com\/amazing-flat-beauties.de\/wp-content\/uploads\/2022\/09\/Bildschirmfoto-2022-09-07-um-12.41.50.png?fit=1846%2C1328&amp;ssl=1\" data-orig-size=\"1846,1328\" data-comments-opened=\"1\" data-image-meta=\"{&quot;aperture&quot;:&quot;0&quot;,&quot;credit&quot;:&quot;&quot;,&quot;camera&quot;:&quot;&quot;,&quot;caption&quot;:&quot;&quot;,&quot;created_timestamp&quot;:&quot;0&quot;,&quot;copyright&quot;:&quot;&quot;,&quot;focal_length&quot;:&quot;0&quot;,&quot;iso&quot;:&quot;0&quot;,&quot;shutter_speed&quot;:&quot;0&quot;,&quot;title&quot;:&quot;&quot;,&quot;orientation&quot;:&quot;0&quot;}\" data-image-title=\"Bildschirmfoto-2022-09-07-um-12.41.50\" data-image-description=\"\" data-image-caption=\"\" data-large-file=\"https:\/\/i0.wp.com\/amazing-flat-beauties.de\/wp-content\/uploads\/2022\/09\/Bildschirmfoto-2022-09-07-um-12.41.50.png?fit=529%2C381&amp;ssl=1\" src=\"https:\/\/i0.wp.com\/amazing-flat-beauties.de\/wp-content\/uploads\/2022\/09\/Bildschirmfoto-2022-09-07-um-12.41.50.png?resize=529%2C381&#038;ssl=1\" alt=\"\" class=\"wp-image-11508\" srcset=\"https:\/\/i0.wp.com\/amazing-flat-beauties.de\/wp-content\/uploads\/2022\/09\/Bildschirmfoto-2022-09-07-um-12.41.50.png?resize=1024%2C737&amp;ssl=1 1024w, https:\/\/i0.wp.com\/amazing-flat-beauties.de\/wp-content\/uploads\/2022\/09\/Bildschirmfoto-2022-09-07-um-12.41.50.png?resize=300%2C216&amp;ssl=1 300w, https:\/\/i0.wp.com\/amazing-flat-beauties.de\/wp-content\/uploads\/2022\/09\/Bildschirmfoto-2022-09-07-um-12.41.50.png?resize=768%2C552&amp;ssl=1 768w, https:\/\/i0.wp.com\/amazing-flat-beauties.de\/wp-content\/uploads\/2022\/09\/Bildschirmfoto-2022-09-07-um-12.41.50.png?resize=1536%2C1105&amp;ssl=1 1536w, https:\/\/i0.wp.com\/amazing-flat-beauties.de\/wp-content\/uploads\/2022\/09\/Bildschirmfoto-2022-09-07-um-12.41.50.png?w=1846&amp;ssl=1 1846w, https:\/\/i0.wp.com\/amazing-flat-beauties.de\/wp-content\/uploads\/2022\/09\/Bildschirmfoto-2022-09-07-um-12.41.50.png?w=1587&amp;ssl=1 1587w\" sizes=\"auto, (max-width: 529px) 100vw, 529px\" \/><figcaption class=\"wp-element-caption\"><br>Jugendklasse ein SG 1 und gewinnt in der Endauswertung mit 6 Hunden Best of Class den 2 Platz .<br><strong>Jugendchampion 2022 <\/strong><br>Hat sie supertoll gemacht, die Richter waren sehr angetan von ihr und wir haben einen tollen Richterbericht erhalten. <br><br><strong>ACI Ausstellung Erbach <\/strong><br>Valneriz- Once in a lifetime -Queeny, rockt den Ring !<br>Zwischenklasse V1 und holt sich am Ende noch BOB ( <strong>Best of Breed<\/strong>) <br>Internationaler Champion !<br><br>Ein Ritterschlag f\u00fcr eine gelbe Flat H\u00fcndin, von der die Richter augenscheinlich begeistert waren und wirklich gro\u00dfer Konkurrenz!<br>Wir freuen uns sehr Queeny hat das absolut top gemacht !<br><br><br><br><br><\/figcaption><\/figure>\n\n\n\n<figure class=\"wp-block-image size-large\"><img data-recalc-dims=\"1\" loading=\"lazy\" decoding=\"async\" width=\"529\" height=\"352\" data-attachment-id=\"11541\" data-permalink=\"https:\/\/amazing-flat-beauties.de\/?attachment_id=11541\" data-orig-file=\"https:\/\/i0.wp.com\/amazing-flat-beauties.de\/wp-content\/uploads\/2022\/09\/Bildschirmfoto-2022-09-29-um-19.02.46.png?fit=2114%2C1406&amp;ssl=1\" data-orig-size=\"2114,1406\" data-comments-opened=\"1\" data-image-meta=\"{&quot;aperture&quot;:&quot;0&quot;,&quot;credit&quot;:&quot;&quot;,&quot;camera&quot;:&quot;&quot;,&quot;caption&quot;:&quot;&quot;,&quot;created_timestamp&quot;:&quot;0&quot;,&quot;copyright&quot;:&quot;&quot;,&quot;focal_length&quot;:&quot;0&quot;,&quot;iso&quot;:&quot;0&quot;,&quot;shutter_speed&quot;:&quot;0&quot;,&quot;title&quot;:&quot;&quot;,&quot;orientation&quot;:&quot;0&quot;}\" data-image-title=\"Bildschirmfoto-2022-09-29-um-19.02.46\" data-image-description=\"\" data-image-caption=\"\" data-large-file=\"https:\/\/i0.wp.com\/amazing-flat-beauties.de\/wp-content\/uploads\/2022\/09\/Bildschirmfoto-2022-09-29-um-19.02.46.png?fit=529%2C352&amp;ssl=1\" src=\"https:\/\/i0.wp.com\/amazing-flat-beauties.de\/wp-content\/uploads\/2022\/09\/Bildschirmfoto-2022-09-29-um-19.02.46.png?resize=529%2C352&#038;ssl=1\" alt=\"\" class=\"wp-image-11541\" srcset=\"https:\/\/i0.wp.com\/amazing-flat-beauties.de\/wp-content\/uploads\/2022\/09\/Bildschirmfoto-2022-09-29-um-19.02.46.png?resize=1024%2C681&amp;ssl=1 1024w, https:\/\/i0.wp.com\/amazing-flat-beauties.de\/wp-content\/uploads\/2022\/09\/Bildschirmfoto-2022-09-29-um-19.02.46.png?resize=300%2C200&amp;ssl=1 300w, https:\/\/i0.wp.com\/amazing-flat-beauties.de\/wp-content\/uploads\/2022\/09\/Bildschirmfoto-2022-09-29-um-19.02.46.png?resize=768%2C511&amp;ssl=1 768w, https:\/\/i0.wp.com\/amazing-flat-beauties.de\/wp-content\/uploads\/2022\/09\/Bildschirmfoto-2022-09-29-um-19.02.46.png?resize=1536%2C1022&amp;ssl=1 1536w, https:\/\/i0.wp.com\/amazing-flat-beauties.de\/wp-content\/uploads\/2022\/09\/Bildschirmfoto-2022-09-29-um-19.02.46.png?resize=2048%2C1362&amp;ssl=1 2048w, https:\/\/i0.wp.com\/amazing-flat-beauties.de\/wp-content\/uploads\/2022\/09\/Bildschirmfoto-2022-09-29-um-19.02.46.png?w=1587&amp;ssl=1 1587w\" sizes=\"auto, (max-width: 529px) 100vw, 529px\" \/><figcaption class=\"wp-element-caption\">Queeny mit Halbbruder Akeno <\/figcaption><\/figure>\n\n\n\n<p><\/p>\n\n\n\n<p><br><\/p>\n","protected":false},"excerpt":{"rendered":"<p>Ja, sie sehen richtig, es ist ein gelber Flat ! Mit Queeny habe ich mir einen Lebenstraum erf\u00fcllt und dieser &hellip;<\/p>\n<p><a href=\"https:\/\/amazing-flat-beauties.de\/?page_id=11482\">Continue reading <span class=\"meta-nav\">&rarr;<\/span><\/a><\/p>\n","protected":false},"author":1,"featured_media":0,"parent":5567,"menu_order":1,"comment_status":"closed","ping_status":"closed","template":"","meta":{"jetpack_post_was_ever_published":false,"footnotes":""},"class_list":["post-11482","page","type-page","status-publish","hentry"],"jetpack_sharing_enabled":true,"jetpack_shortlink":"https:\/\/wp.me\/P9WiID-2Zc","jetpack-related-posts":[],"_links":{"self":[{"href":"https:\/\/amazing-flat-beauties.de\/index.php?rest_route=\/wp\/v2\/pages\/11482","targetHints":{"allow":["GET"]}}],"collection":[{"href":"https:\/\/amazing-flat-beauties.de\/index.php?rest_route=\/wp\/v2\/pages"}],"about":[{"href":"https:\/\/amazing-flat-beauties.de\/index.php?rest_route=\/wp\/v2\/types\/page"}],"author":[{"embeddable":true,"href":"https:\/\/amazing-flat-beauties.de\/index.php?rest_route=\/wp\/v2\/users\/1"}],"replies":[{"embeddable":true,"href":"https:\/\/amazing-flat-beauties.de\/index.php?rest_route=%2Fwp%2Fv2%2Fcomments&post=11482"}],"version-history":[{"count":24,"href":"https:\/\/amazing-flat-beauties.de\/index.php?rest_route=\/wp\/v2\/pages\/11482\/revisions"}],"predecessor-version":[{"id":12528,"href":"https:\/\/amazing-flat-beauties.de\/index.php?rest_route=\/wp\/v2\/pages\/11482\/revisions\/12528"}],"up":[{"embeddable":true,"href":"https:\/\/amazing-flat-beauties.de\/index.php?rest_route=\/wp\/v2\/pages\/5567"}],"wp:attachment":[{"href":"https:\/\/amazing-flat-beauties.de\/index.php?rest_route=%2Fwp%2Fv2%2Fmedia&parent=11482"}],"curies":[{"name":"wp","href":"https:\/\/api.w.org\/{rel}","templated":true}]}}