{"id":11586,"date":"2023-01-22T20:34:53","date_gmt":"2023-01-22T19:34:53","guid":{"rendered":"https:\/\/amazing-flat-beauties.de\/?page_id=11586"},"modified":"2026-03-17T20:13:17","modified_gmt":"2026-03-17T19:13:17","slug":"its-my-hero-aknel-top","status":"publish","type":"page","link":"https:\/\/amazing-flat-beauties.de\/?page_id=11586","title":{"rendered":"It&#8217;s my Hero Aknel Top (Poldi)"},"content":{"rendered":"\n<p>Hero ist ein R\u00fcde, der mit seinen 61 cm Schulterh\u00f6he im Standard steht und somit&nbsp;<strong>kein Riese<\/strong>&nbsp;ist, was wir pers\u00f6nlich sehr begr\u00fcssen, denn der Flat wird irgendwie immer gr\u00f6sser, er ist ein&nbsp;<strong>wunderbar leichtf\u00fchriger R\u00fcde<\/strong>&nbsp;mit harmonischen Proportionen. Charakterlich \u00fcberzeugt er durch sein ausgeglichenes Wesen und seine soziale Art gegen\u00fcber anderen Hunden.<\/p>\n\n\n\n<p>Hero stammt aus der Zucht von\u00a0<strong>Lenka Topolova (Aknel Top)<\/strong> und hat FCI Papiere <\/p>\n\n\n\n<p><em><strong>Multi CH Dolcarosa All Knowing<\/strong><\/em> x <strong>Bizzy born in Aknel Top<\/strong><\/p>\n\n\n\n<p>Ausstellungen :<\/p>\n\n\n\n<p>2022 Luxembourg internationale DogShow 101\/102 FCI   2x vielversprechend <\/p>\n\n\n\n<p>2023 Michelstadt <br>V1 und einen tollen Richterbericht<br>Best of Flat coated Retriever Platz 2 ( (14 Flats waren im Ring)<br>Best of Class Platz 2<\/p>\n\n\n\n<p><strong>Gesundheitsergebnisse :<\/strong><br><br><strong>*01.10.2021<\/strong><br>HD A2 \/ED\/OCD frei (GRSK Dr Tellhelm Giessen )<br>Patella frei<br>Augen ohne Befund, inkl. Gonio (DOK)&nbsp;<br>Herzultraschall Herz frei und klar ( Herzultraschall mit Farbdoppler)&nbsp;<br>Wesenstest bestanden <br>Formwert VORZ\u00dcGLICH Zuchtzulassung erteilt 04\/2023<br>Farbcode BbEE<br><br><\/p>\n\n\n\n<figure class=\"wp-block-image size-large\"><img data-recalc-dims=\"1\" loading=\"lazy\" decoding=\"async\" width=\"529\" height=\"352\" data-attachment-id=\"12459\" data-permalink=\"https:\/\/amazing-flat-beauties.de\/?attachment_id=12459\" data-orig-file=\"https:\/\/i0.wp.com\/amazing-flat-beauties.de\/wp-content\/uploads\/2026\/03\/efe5f125-660a-488c-88f7-0e89561e5f0d.jpg?fit=1385%2C921&amp;ssl=1\" data-orig-size=\"1385,921\" data-comments-opened=\"1\" data-image-meta=\"{&quot;aperture&quot;:&quot;0&quot;,&quot;credit&quot;:&quot;&quot;,&quot;camera&quot;:&quot;&quot;,&quot;caption&quot;:&quot;&quot;,&quot;created_timestamp&quot;:&quot;0&quot;,&quot;copyright&quot;:&quot;&quot;,&quot;focal_length&quot;:&quot;0&quot;,&quot;iso&quot;:&quot;0&quot;,&quot;shutter_speed&quot;:&quot;0&quot;,&quot;title&quot;:&quot;&quot;,&quot;orientation&quot;:&quot;1&quot;}\" data-image-title=\"efe5f125-660a-488c-88f7-0e89561e5f0d\" data-image-description=\"\" data-image-caption=\"\" data-medium-file=\"https:\/\/i0.wp.com\/amazing-flat-beauties.de\/wp-content\/uploads\/2026\/03\/efe5f125-660a-488c-88f7-0e89561e5f0d.jpg?fit=300%2C199&amp;ssl=1\" data-large-file=\"https:\/\/i0.wp.com\/amazing-flat-beauties.de\/wp-content\/uploads\/2026\/03\/efe5f125-660a-488c-88f7-0e89561e5f0d.jpg?fit=529%2C352&amp;ssl=1\" src=\"https:\/\/i0.wp.com\/amazing-flat-beauties.de\/wp-content\/uploads\/2026\/03\/efe5f125-660a-488c-88f7-0e89561e5f0d.jpg?resize=529%2C352&#038;ssl=1\" alt=\"\" class=\"wp-image-12459\" srcset=\"https:\/\/i0.wp.com\/amazing-flat-beauties.de\/wp-content\/uploads\/2026\/03\/efe5f125-660a-488c-88f7-0e89561e5f0d.jpg?resize=1024%2C681&amp;ssl=1 1024w, https:\/\/i0.wp.com\/amazing-flat-beauties.de\/wp-content\/uploads\/2026\/03\/efe5f125-660a-488c-88f7-0e89561e5f0d.jpg?resize=300%2C199&amp;ssl=1 300w, https:\/\/i0.wp.com\/amazing-flat-beauties.de\/wp-content\/uploads\/2026\/03\/efe5f125-660a-488c-88f7-0e89561e5f0d.jpg?resize=768%2C511&amp;ssl=1 768w, https:\/\/i0.wp.com\/amazing-flat-beauties.de\/wp-content\/uploads\/2026\/03\/efe5f125-660a-488c-88f7-0e89561e5f0d.jpg?w=1385&amp;ssl=1 1385w\" sizes=\"auto, (max-width: 529px) 100vw, 529px\" \/><\/figure>\n\n\n\n<p><br><\/p>\n\n\n\n<p><br><br><\/p>\n\n\n\n<figure class=\"wp-block-image size-large\"><img data-recalc-dims=\"1\" loading=\"lazy\" decoding=\"async\" width=\"529\" height=\"661\" data-attachment-id=\"12417\" data-permalink=\"https:\/\/amazing-flat-beauties.de\/?attachment_id=12417\" data-orig-file=\"https:\/\/i0.wp.com\/amazing-flat-beauties.de\/wp-content\/uploads\/2025\/12\/image.jpg?fit=575%2C718&amp;ssl=1\" data-orig-size=\"575,718\" data-comments-opened=\"1\" data-image-meta=\"{&quot;aperture&quot;:&quot;0&quot;,&quot;credit&quot;:&quot;&quot;,&quot;camera&quot;:&quot;&quot;,&quot;caption&quot;:&quot;&quot;,&quot;created_timestamp&quot;:&quot;0&quot;,&quot;copyright&quot;:&quot;&quot;,&quot;focal_length&quot;:&quot;0&quot;,&quot;iso&quot;:&quot;0&quot;,&quot;shutter_speed&quot;:&quot;0&quot;,&quot;title&quot;:&quot;&quot;,&quot;orientation&quot;:&quot;1&quot;}\" data-image-title=\"image\" data-image-description=\"\" data-image-caption=\"\" data-medium-file=\"https:\/\/i0.wp.com\/amazing-flat-beauties.de\/wp-content\/uploads\/2025\/12\/image.jpg?fit=240%2C300&amp;ssl=1\" data-large-file=\"https:\/\/i0.wp.com\/amazing-flat-beauties.de\/wp-content\/uploads\/2025\/12\/image.jpg?fit=529%2C661&amp;ssl=1\" src=\"https:\/\/i0.wp.com\/amazing-flat-beauties.de\/wp-content\/uploads\/2025\/12\/image.jpg?resize=529%2C661&#038;ssl=1\" alt=\"\" class=\"wp-image-12417\" srcset=\"https:\/\/i0.wp.com\/amazing-flat-beauties.de\/wp-content\/uploads\/2025\/12\/image.jpg?w=575&amp;ssl=1 575w, https:\/\/i0.wp.com\/amazing-flat-beauties.de\/wp-content\/uploads\/2025\/12\/image.jpg?resize=240%2C300&amp;ssl=1 240w\" sizes=\"auto, (max-width: 529px) 100vw, 529px\" \/><\/figure>\n","protected":false},"excerpt":{"rendered":"<p>Hero ist ein R\u00fcde, der mit seinen 61 cm Schulterh\u00f6he im Standard steht und somit&nbsp;kein Riese&nbsp;ist, was wir pers\u00f6nlich sehr &hellip;<\/p>\n<p><a href=\"https:\/\/amazing-flat-beauties.de\/?page_id=11586\">Continue reading <span class=\"meta-nav\">&rarr;<\/span><\/a><\/p>\n","protected":false},"author":1,"featured_media":0,"parent":6960,"menu_order":7,"comment_status":"closed","ping_status":"closed","template":"","meta":{"jetpack_post_was_ever_published":false,"footnotes":""},"class_list":["post-11586","page","type-page","status-publish","hentry"],"jetpack_sharing_enabled":true,"jetpack_shortlink":"https:\/\/wp.me\/P9WiID-30S","jetpack-related-posts":[],"_links":{"self":[{"href":"https:\/\/amazing-flat-beauties.de\/index.php?rest_route=\/wp\/v2\/pages\/11586","targetHints":{"allow":["GET"]}}],"collection":[{"href":"https:\/\/amazing-flat-beauties.de\/index.php?rest_route=\/wp\/v2\/pages"}],"about":[{"href":"https:\/\/amazing-flat-beauties.de\/index.php?rest_route=\/wp\/v2\/types\/page"}],"author":[{"embeddable":true,"href":"https:\/\/amazing-flat-beauties.de\/index.php?rest_route=\/wp\/v2\/users\/1"}],"replies":[{"embeddable":true,"href":"https:\/\/amazing-flat-beauties.de\/index.php?rest_route=%2Fwp%2Fv2%2Fcomments&post=11586"}],"version-history":[{"count":25,"href":"https:\/\/amazing-flat-beauties.de\/index.php?rest_route=\/wp\/v2\/pages\/11586\/revisions"}],"predecessor-version":[{"id":12500,"href":"https:\/\/amazing-flat-beauties.de\/index.php?rest_route=\/wp\/v2\/pages\/11586\/revisions\/12500"}],"up":[{"embeddable":true,"href":"https:\/\/amazing-flat-beauties.de\/index.php?rest_route=\/wp\/v2\/pages\/6960"}],"wp:attachment":[{"href":"https:\/\/amazing-flat-beauties.de\/index.php?rest_route=%2Fwp%2Fv2%2Fmedia&parent=11586"}],"curies":[{"name":"wp","href":"https:\/\/api.w.org\/{rel}","templated":true}]}}