{"id":12079,"date":"2024-11-01T09:51:13","date_gmt":"2024-11-01T08:51:13","guid":{"rendered":"https:\/\/amazing-flat-beauties.de\/?page_id=12079"},"modified":"2025-12-15T21:06:49","modified_gmt":"2025-12-15T20:06:49","slug":"flattopia-jule","status":"publish","type":"page","link":"https:\/\/amazing-flat-beauties.de\/?page_id=12079","title":{"rendered":"Flattopia Jule"},"content":{"rendered":"\n<figure class=\"wp-block-image size-large\"><img data-recalc-dims=\"1\" loading=\"lazy\" decoding=\"async\" width=\"529\" height=\"879\" data-attachment-id=\"12422\" data-permalink=\"https:\/\/amazing-flat-beauties.de\/?attachment_id=12422\" data-orig-file=\"https:\/\/i0.wp.com\/amazing-flat-beauties.de\/wp-content\/uploads\/2025\/12\/IMG_6628-scaled.jpeg?fit=1541%2C2560&amp;ssl=1\" data-orig-size=\"1541,2560\" data-comments-opened=\"1\" data-image-meta=\"{&quot;aperture&quot;:&quot;1.78&quot;,&quot;credit&quot;:&quot;Apple Photos Clean Up&quot;,&quot;camera&quot;:&quot;iPhone 17 Pro Max&quot;,&quot;caption&quot;:&quot;&quot;,&quot;created_timestamp&quot;:&quot;1763930257&quot;,&quot;copyright&quot;:&quot;&quot;,&quot;focal_length&quot;:&quot;6.7649998656528&quot;,&quot;iso&quot;:&quot;800&quot;,&quot;shutter_speed&quot;:&quot;0.02&quot;,&quot;title&quot;:&quot;&quot;,&quot;orientation&quot;:&quot;1&quot;}\" data-image-title=\"IMG_6628\" data-image-description=\"\" data-image-caption=\"\" data-medium-file=\"https:\/\/i0.wp.com\/amazing-flat-beauties.de\/wp-content\/uploads\/2025\/12\/IMG_6628-scaled.jpeg?fit=181%2C300&amp;ssl=1\" data-large-file=\"https:\/\/i0.wp.com\/amazing-flat-beauties.de\/wp-content\/uploads\/2025\/12\/IMG_6628-scaled.jpeg?fit=529%2C879&amp;ssl=1\" src=\"https:\/\/i0.wp.com\/amazing-flat-beauties.de\/wp-content\/uploads\/2025\/12\/IMG_6628.jpeg?resize=529%2C879&#038;ssl=1\" alt=\"\" class=\"wp-image-12422\" srcset=\"https:\/\/i0.wp.com\/amazing-flat-beauties.de\/wp-content\/uploads\/2025\/12\/IMG_6628-scaled.jpeg?resize=616%2C1024&amp;ssl=1 616w, https:\/\/i0.wp.com\/amazing-flat-beauties.de\/wp-content\/uploads\/2025\/12\/IMG_6628-scaled.jpeg?resize=181%2C300&amp;ssl=1 181w, https:\/\/i0.wp.com\/amazing-flat-beauties.de\/wp-content\/uploads\/2025\/12\/IMG_6628-scaled.jpeg?resize=768%2C1276&amp;ssl=1 768w, https:\/\/i0.wp.com\/amazing-flat-beauties.de\/wp-content\/uploads\/2025\/12\/IMG_6628-scaled.jpeg?resize=924%2C1536&amp;ssl=1 924w, https:\/\/i0.wp.com\/amazing-flat-beauties.de\/wp-content\/uploads\/2025\/12\/IMG_6628-scaled.jpeg?resize=1233%2C2048&amp;ssl=1 1233w, https:\/\/i0.wp.com\/amazing-flat-beauties.de\/wp-content\/uploads\/2025\/12\/IMG_6628-scaled.jpeg?w=1541&amp;ssl=1 1541w, https:\/\/i0.wp.com\/amazing-flat-beauties.de\/wp-content\/uploads\/2025\/12\/IMG_6628-scaled.jpeg?w=1058&amp;ssl=1 1058w\" sizes=\"auto, (max-width: 529px) 100vw, 529px\" \/><\/figure>\n\n\n\n<p>*06.06.2024<br>Mit Jule (Flattopia Bloom) haben wir gleich 2 Fliegen mit einer Klappe geschlagen. <br>Sie stammt aus Amazing Flat Beauties Fine (Jack&amp;Penny) und It`s my Hero Aknel Top (Poldi)<br>Da ich zwingend was aus Penny behalten wollte, wir uns aber entschieden hatten sie nicht noch mal decken zu lassen, kam der Wurf f\u00fcr uns wie gerufen und da konnten wir nat\u00fcrlich nicht widerstehen , als dann auch noch eine braune H\u00fcndin fiel. <br>Ganz nach unserem Wunsch kommt sie auch sehr nach ihrer Gro\u00dfmutter, vor allem ihr dunkles Braun ist der Wahnsinn. Sie lebt ganz in unserer N\u00e4he und wir freuen uns auf dieses gemeinsame Abenteuer.<\/p>\n\n\n\n<p>PRA\/HC\/RD\/Gonio frei (DOK)\u00a0 <br>Flattopia Bloom ( Jule )<\/p>\n\n\n\n<p>( Its my Hero &#8211; Aknel Top ( Poldi) x Amazing Flat Beauties &#8211; Juno )<\/p>\n\n\n\n<p>HD B1\/B1 (GRSK)<\/p>\n\n\n\n<p>ED 0\/0 (GRSK)<\/p>\n\n\n\n<p>OCD <a><\/a>frei (GRSK)<\/p>\n\n\n\n<p>Patella frei<\/p>\n\n\n\n<p>PRA\/HC\/RD\/Gonio frei (DOK)<\/p>\n\n\n\n<p>Herz US folgt \u2026<br><\/p>\n\n\n\n<p><\/p>\n","protected":false},"excerpt":{"rendered":"<p>*06.06.2024Mit Jule (Flattopia Bloom) haben wir gleich 2 Fliegen mit einer Klappe geschlagen. Sie stammt aus Amazing Flat Beauties Fine &hellip;<\/p>\n<p><a href=\"https:\/\/amazing-flat-beauties.de\/?page_id=12079\">Continue reading <span class=\"meta-nav\">&rarr;<\/span><\/a><\/p>\n","protected":false},"author":1,"featured_media":0,"parent":12337,"menu_order":12,"comment_status":"closed","ping_status":"closed","template":"","meta":{"jetpack_post_was_ever_published":false,"footnotes":""},"class_list":["post-12079","page","type-page","status-publish","hentry"],"jetpack_sharing_enabled":true,"jetpack_shortlink":"https:\/\/wp.me\/P9WiID-38P","jetpack-related-posts":[],"_links":{"self":[{"href":"https:\/\/amazing-flat-beauties.de\/index.php?rest_route=\/wp\/v2\/pages\/12079","targetHints":{"allow":["GET"]}}],"collection":[{"href":"https:\/\/amazing-flat-beauties.de\/index.php?rest_route=\/wp\/v2\/pages"}],"about":[{"href":"https:\/\/amazing-flat-beauties.de\/index.php?rest_route=\/wp\/v2\/types\/page"}],"author":[{"embeddable":true,"href":"https:\/\/amazing-flat-beauties.de\/index.php?rest_route=\/wp\/v2\/users\/1"}],"replies":[{"embeddable":true,"href":"https:\/\/amazing-flat-beauties.de\/index.php?rest_route=%2Fwp%2Fv2%2Fcomments&post=12079"}],"version-history":[{"count":10,"href":"https:\/\/amazing-flat-beauties.de\/index.php?rest_route=\/wp\/v2\/pages\/12079\/revisions"}],"predecessor-version":[{"id":12423,"href":"https:\/\/amazing-flat-beauties.de\/index.php?rest_route=\/wp\/v2\/pages\/12079\/revisions\/12423"}],"up":[{"embeddable":true,"href":"https:\/\/amazing-flat-beauties.de\/index.php?rest_route=\/wp\/v2\/pages\/12337"}],"wp:attachment":[{"href":"https:\/\/amazing-flat-beauties.de\/index.php?rest_route=%2Fwp%2Fv2%2Fmedia&parent=12079"}],"curies":[{"name":"wp","href":"https:\/\/api.w.org\/{rel}","templated":true}]}}