{"id":12316,"date":"2025-09-12T19:00:33","date_gmt":"2025-09-12T17:00:33","guid":{"rendered":"https:\/\/amazing-flat-beauties.de\/?page_id=12316"},"modified":"2026-03-17T11:12:59","modified_gmt":"2026-03-17T10:12:59","slug":"aus-der-zucht","status":"publish","type":"page","link":"https:\/\/amazing-flat-beauties.de\/?page_id=12316","title":{"rendered":"In Rente"},"content":{"rendered":"\n<h3 class=\"wp-block-heading\">Dix-Huit Carats Mamma Mia *08.07.2016 *Penny*<\/h3>\n\n\n\n<figure class=\"wp-block-image size-large\"><img data-recalc-dims=\"1\" loading=\"lazy\" decoding=\"async\" width=\"529\" height=\"626\" data-attachment-id=\"11439\" data-permalink=\"https:\/\/amazing-flat-beauties.de\/?attachment_id=11439\" data-orig-file=\"https:\/\/i0.wp.com\/amazing-flat-beauties.de\/wp-content\/uploads\/2021\/11\/img_6282-scaled.jpg?fit=2164%2C2560&amp;ssl=1\" data-orig-size=\"2164,2560\" data-comments-opened=\"1\" data-image-meta=\"{&quot;aperture&quot;:&quot;2&quot;,&quot;credit&quot;:&quot;&quot;,&quot;camera&quot;:&quot;iPhone 11 Pro Max&quot;,&quot;caption&quot;:&quot;&quot;,&quot;created_timestamp&quot;:&quot;1632228185&quot;,&quot;copyright&quot;:&quot;&quot;,&quot;focal_length&quot;:&quot;6&quot;,&quot;iso&quot;:&quot;20&quot;,&quot;shutter_speed&quot;:&quot;0.0021691973969631&quot;,&quot;title&quot;:&quot;&quot;,&quot;orientation&quot;:&quot;1&quot;}\" data-image-title=\"img_6282\" data-image-description=\"\" data-image-caption=\"\" data-medium-file=\"https:\/\/i0.wp.com\/amazing-flat-beauties.de\/wp-content\/uploads\/2021\/11\/img_6282-scaled.jpg?fit=254%2C300&amp;ssl=1\" data-large-file=\"https:\/\/i0.wp.com\/amazing-flat-beauties.de\/wp-content\/uploads\/2021\/11\/img_6282-scaled.jpg?fit=529%2C626&amp;ssl=1\" src=\"https:\/\/i0.wp.com\/amazing-flat-beauties.de\/wp-content\/uploads\/2021\/11\/img_6282.jpg?resize=529%2C626&#038;ssl=1\" alt=\"\" class=\"wp-image-11439\" srcset=\"https:\/\/i0.wp.com\/amazing-flat-beauties.de\/wp-content\/uploads\/2021\/11\/img_6282-scaled.jpg?resize=866%2C1024&amp;ssl=1 866w, https:\/\/i0.wp.com\/amazing-flat-beauties.de\/wp-content\/uploads\/2021\/11\/img_6282-scaled.jpg?resize=254%2C300&amp;ssl=1 254w, https:\/\/i0.wp.com\/amazing-flat-beauties.de\/wp-content\/uploads\/2021\/11\/img_6282-scaled.jpg?resize=768%2C908&amp;ssl=1 768w, https:\/\/i0.wp.com\/amazing-flat-beauties.de\/wp-content\/uploads\/2021\/11\/img_6282-scaled.jpg?resize=1299%2C1536&amp;ssl=1 1299w, https:\/\/i0.wp.com\/amazing-flat-beauties.de\/wp-content\/uploads\/2021\/11\/img_6282-scaled.jpg?resize=1731%2C2048&amp;ssl=1 1731w, https:\/\/i0.wp.com\/amazing-flat-beauties.de\/wp-content\/uploads\/2021\/11\/img_6282-scaled.jpg?w=1058&amp;ssl=1 1058w, https:\/\/i0.wp.com\/amazing-flat-beauties.de\/wp-content\/uploads\/2021\/11\/img_6282-scaled.jpg?w=1587&amp;ssl=1 1587w\" sizes=\"auto, (max-width: 529px) 100vw, 529px\" \/><\/figure>\n\n\n\n<p><strong>HD\/ ED &nbsp;frei<br>OCD frei<\/strong><br><strong>Augen frei&nbsp;<\/strong><br><strong>PL frei<br>Schilddr\u00fcse ok<br>Herz frei und klar<\/strong><\/p>\n\n\n\n<p><strong>Eltern:<\/strong><\/p>\n\n\n\n<h4 class=\"wp-block-heading\">(SE U(U)CH NO UCH JWW-13 EUW-16 Caci`s i am a Playboy x<br>CH. Dix-Huit Carats I just call to say i love you)<\/h4>\n\n\n\n<p><a href=\"https:\/\/amazing-flat-beauties.de\/unsere-hunde\/penny\/pedigree-penny\/\">PEDIGREE &nbsp;&lt;\u2014\u2014\u2014 KLICK<\/a><\/p>\n\n\n\n<h4 class=\"wp-block-heading\">Austellungserfolge:<\/h4>\n\n\n\n<h4 class=\"wp-block-heading\"><strong>J\u00fcngstenklasse:<\/strong><\/h4>\n\n\n\n<h4 class=\"wp-block-heading\"><strong>11.03.2017 Intern. Rassehundeausstellung &nbsp;Offenburg &nbsp;VV3<\/strong><\/h4>\n\n\n\n<h4 class=\"wp-block-heading\"><strong>Jugendklasse :<\/strong><\/h4>\n\n\n\n<h4 class=\"wp-block-heading\"><strong>09.04.2017&nbsp;Intern. Rassehundeausstellung &nbsp; Luxemburg &nbsp; &nbsp;sehr gut<\/strong><\/h4>\n\n\n\n<h4 class=\"wp-block-heading\"><strong>20.05.2017&nbsp;Intern. Rassehundeausstellung Dortmund. &nbsp;Vorz\u00fcglich 3<\/strong><\/h4>\n\n\n\n<h4 class=\"wp-block-heading\"><strong>09.11.2017 World Dog Show Leipzig &nbsp; &nbsp; &nbsp;sehr gut<\/strong><\/h4>\n\n\n\n<h4 class=\"wp-block-heading\"><\/h4>\n\n\n\n<h4 class=\"wp-block-heading\"><em><strong>Zwischenklasse<\/strong><\/em><\/h4>\n\n\n\n<h4 class=\"wp-block-heading\"><strong>09.12.2017 Nationale Rassehundeaustellung Kassel &nbsp; &nbsp; &nbsp; &nbsp; &nbsp; &nbsp; sehr gut 4<\/strong><\/h4>\n\n\n\n<h4 class=\"wp-block-heading\"><strong>17.02.2018 &nbsp;<\/strong><\/h4>\n\n\n\n<h4 class=\"wp-block-heading\"><strong>CACIB Gent &nbsp; &nbsp; &nbsp; Vorz\u00fcglich 1<\/strong><br><strong>18.02.2018 &nbsp;<\/strong><\/h4>\n\n\n\n<h4 class=\"wp-block-heading\"><strong>CACIB Gent &nbsp; &nbsp; &nbsp; Vorz\u00fcglich 1&nbsp;RCACIB &amp; CAC&nbsp;<\/strong><\/h4>\n\n\n\n<h4 class=\"wp-block-heading\"><strong>(2. Beste H\u00fcndin )<\/strong><\/h4>\n\n\n\n<p><strong>07.07.2018. CACIB Ludwigshafen Vorz\u00fcglich 3<\/strong><\/p>\n\n\n\n<p><strong><em>Offene Klasse&nbsp;<\/em><\/strong><\/p>\n\n\n\n<p><strong>28.07.2018 &nbsp;CACIB Bad K\u00f6nig Vorz\u00fcglich 1<\/strong><br><strong>29.07.2018 &nbsp;CACIB Bad K\u00f6nig Vorz\u00fcglich 1<\/strong><\/p>\n\n\n\n<p><strong>Wird an diesem Tag BESTE H\u00dcNDIN !!!!<\/strong><\/p>\n\n\n\n<p><strong>Internationaler &amp; Nationaler Champion !<\/strong><br><br>&#8212;&#8212;&#8212;&#8212;&#8212;&#8212;&#8212;&#8212;&#8212;&#8212;&#8212;&#8212;&#8212;&#8212;&#8212;&#8212;&#8212;&#8212;&#8212;&#8212;&#8212;&#8212;&#8212;&#8212;&#8212;&#8212;&#8212;&#8212;&#8212;&#8212;&#8212;&#8212;-<\/p>\n\n\n\n<h1 class=\"wp-block-heading\">AMOR VINCIT OMNIA Kaczy R\u00f3d-Sally<\/h1>\n\n\n\n<figure class=\"wp-block-image\"><img loading=\"lazy\" decoding=\"async\" width=\"2048\" height=\"1270\" data-attachment-id=\"10579\" data-permalink=\"https:\/\/amazing-flat-beauties.de\/?attachment_id=10579\" data-orig-file=\"https:\/\/i0.wp.com\/amazing-flat-beauties.de\/wp-content\/uploads\/2019\/09\/F8861A04-1954-4A13-BCCC-63385BE61D15.jpg?fit=2048%2C1270&amp;ssl=1\" data-orig-size=\"2048,1270\" data-comments-opened=\"1\" data-image-meta=\"{&quot;aperture&quot;:&quot;0&quot;,&quot;credit&quot;:&quot;&quot;,&quot;camera&quot;:&quot;&quot;,&quot;caption&quot;:&quot;&quot;,&quot;created_timestamp&quot;:&quot;1563036247&quot;,&quot;copyright&quot;:&quot;&quot;,&quot;focal_length&quot;:&quot;0&quot;,&quot;iso&quot;:&quot;0&quot;,&quot;shutter_speed&quot;:&quot;0&quot;,&quot;title&quot;:&quot;&quot;,&quot;orientation&quot;:&quot;0&quot;}\" data-image-title=\"F8861A04-1954-4A13-BCCC-63385BE61D15\" data-image-description=\"\" data-image-caption=\"\" data-medium-file=\"https:\/\/i0.wp.com\/amazing-flat-beauties.de\/wp-content\/uploads\/2019\/09\/F8861A04-1954-4A13-BCCC-63385BE61D15.jpg?fit=300%2C186&amp;ssl=1\" data-large-file=\"https:\/\/i0.wp.com\/amazing-flat-beauties.de\/wp-content\/uploads\/2019\/09\/F8861A04-1954-4A13-BCCC-63385BE61D15.jpg?fit=529%2C328&amp;ssl=1\" src=\"https:\/\/i0.wp.com\/amazing-flat-beauties.de\/wp-content\/uploads\/2019\/09\/F8861A04-1954-4A13-BCCC-63385BE61D15.jpg?resize=630%2C391&amp;ssl=1\" alt=\"\" class=\"wp-image-10579\" srcset=\"https:\/\/i0.wp.com\/amazing-flat-beauties.de\/wp-content\/uploads\/2019\/09\/F8861A04-1954-4A13-BCCC-63385BE61D15.jpg?w=2048&amp;ssl=1 2048w, https:\/\/i0.wp.com\/amazing-flat-beauties.de\/wp-content\/uploads\/2019\/09\/F8861A04-1954-4A13-BCCC-63385BE61D15.jpg?resize=300%2C186&amp;ssl=1 300w, https:\/\/i0.wp.com\/amazing-flat-beauties.de\/wp-content\/uploads\/2019\/09\/F8861A04-1954-4A13-BCCC-63385BE61D15.jpg?resize=768%2C476&amp;ssl=1 768w, https:\/\/i0.wp.com\/amazing-flat-beauties.de\/wp-content\/uploads\/2019\/09\/F8861A04-1954-4A13-BCCC-63385BE61D15.jpg?resize=1024%2C635&amp;ssl=1 1024w, https:\/\/i0.wp.com\/amazing-flat-beauties.de\/wp-content\/uploads\/2019\/09\/F8861A04-1954-4A13-BCCC-63385BE61D15.jpg?w=1587&amp;ssl=1 1587w\" sizes=\"auto, (max-width: 529px) 100vw, 529px\" \/><figcaption class=\"wp-element-caption\">AMOR VINCIT OMNIA Kaczy R\u00f3d \u2013 Sally&nbsp;*02.03.2018<\/figcaption><\/figure>\n\n\n\n<p>Eltern :&nbsp;<br>Multi Champion DOLCAROSA ALL KNOWING &amp; Compendio MISS LUNA<\/p>\n\n\n\n<p>Sally ist eine wundersch\u00f6ne dunkelbraune FCI H\u00fcndin mit wunderbarem Charakter. Sie ist immer fr\u00f6hlich und macht alles mit. Egal ob Dummy oder schwimmen usw wie auch andere Suchspiele man kann sie zu allem motivieren ohne das sie dabei hibbelig wirkt. Sie ist eine echte Kasperm\u00fctze und wir haben viel Spa\u00df mit ihr. Wir lieben sie sehr.<br><br>Sie hat im September den Wesenstest bestanden.<br>Gesundheit :<br>HD B1\/B1&nbsp;<br>ED 0\/0<br>PL frei<br>PRA,RD,Katarakt und Gonio \u2013 frei&nbsp;<\/p>\n\n\n\n<p><a href=\"https:\/\/amazing-flat-beauties.de\/wp-content\/uploads\/2020\/01\/Pedigree_Sally.pdf\">Pedigree Sally &lt;\u2014\u2013 KLICK<\/a><\/p>\n\n\n\n<p>2018<br><strong>Internationale Rassehunde Ausstellung<\/strong>&nbsp;Dortmund VDH \u2013 J\u00fcngstenklasse \u2013 Vielversprechend BEST PUPPY&nbsp;<br><strong>Bundessiegershow Dortmund VDH<\/strong>&nbsp;\u2013 J\u00fcngstenklasse \u2013 Vielversprechend Best PUPPY<\/p>\n\n\n\n<p>2019<br><strong>Flandern Dog Show<\/strong>\u00a0in Gent \u2013 Jugendklasse Vorz\u00fcglich 3<br><strong>CACIB Michelstadt<\/strong>\u00a0\u2013 2 x Offene Klasse Vorz\u00fcglich 1\u00a0<br><br><strong>Sally ist nationaler und internationaler Champion<\/strong>\u00a0<\/p>\n","protected":false},"excerpt":{"rendered":"<p>Dix-Huit Carats Mamma Mia *08.07.2016 *Penny* HD\/ ED &nbsp;freiOCD freiAugen frei&nbsp;PL freiSchilddr\u00fcse okHerz frei und klar Eltern: (SE U(U)CH NO &hellip;<\/p>\n<p><a href=\"https:\/\/amazing-flat-beauties.de\/?page_id=12316\">Continue reading <span class=\"meta-nav\">&rarr;<\/span><\/a><\/p>\n","protected":false},"author":1,"featured_media":0,"parent":12118,"menu_order":0,"comment_status":"closed","ping_status":"closed","template":"","meta":{"jetpack_post_was_ever_published":false,"footnotes":""},"class_list":["post-12316","page","type-page","status-publish","hentry"],"jetpack_sharing_enabled":true,"jetpack_shortlink":"https:\/\/wp.me\/P9WiID-3cE","jetpack-related-posts":[],"_links":{"self":[{"href":"https:\/\/amazing-flat-beauties.de\/index.php?rest_route=\/wp\/v2\/pages\/12316","targetHints":{"allow":["GET"]}}],"collection":[{"href":"https:\/\/amazing-flat-beauties.de\/index.php?rest_route=\/wp\/v2\/pages"}],"about":[{"href":"https:\/\/amazing-flat-beauties.de\/index.php?rest_route=\/wp\/v2\/types\/page"}],"author":[{"embeddable":true,"href":"https:\/\/amazing-flat-beauties.de\/index.php?rest_route=\/wp\/v2\/users\/1"}],"replies":[{"embeddable":true,"href":"https:\/\/amazing-flat-beauties.de\/index.php?rest_route=%2Fwp%2Fv2%2Fcomments&post=12316"}],"version-history":[{"count":11,"href":"https:\/\/amazing-flat-beauties.de\/index.php?rest_route=\/wp\/v2\/pages\/12316\/revisions"}],"predecessor-version":[{"id":12488,"href":"https:\/\/amazing-flat-beauties.de\/index.php?rest_route=\/wp\/v2\/pages\/12316\/revisions\/12488"}],"up":[{"embeddable":true,"href":"https:\/\/amazing-flat-beauties.de\/index.php?rest_route=\/wp\/v2\/pages\/12118"}],"wp:attachment":[{"href":"https:\/\/amazing-flat-beauties.de\/index.php?rest_route=%2Fwp%2Fv2%2Fmedia&parent=12316"}],"curies":[{"name":"wp","href":"https:\/\/api.w.org\/{rel}","templated":true}]}}