{"id":3890,"date":"2012-11-13T08:34:50","date_gmt":"2012-11-13T07:34:50","guid":{"rendered":"http:\/\/amazingflatbeauties.wordpress.com\/?page_id=3890"},"modified":"2025-09-20T22:19:45","modified_gmt":"2025-09-20T20:19:45","slug":"augen-auf-beim-welpenkauf","status":"publish","type":"page","link":"https:\/\/amazing-flat-beauties.de\/?page_id=3890","title":{"rendered":"Augen auf beim Welpenkauf"},"content":{"rendered":"<p>&nbsp;<\/p>\n<h2>Den richtigen Z\u00fcchter finden<\/h2>\n<p>Wenn die Entscheidung f\u00fcr einen Hund gut \u00fcberlegt ist, stellt sich die n\u00e4chste wichtige Frage:<br \/>\n<strong>Wo finde ich einen seri\u00f6sen Z\u00fcchter?<\/strong><\/p>\n<p>Gerade heute, wo es Z\u00fcchter scheinbar \u201ewie Sand am Meer\u201c gibt, ist die Wahl entscheidend f\u00fcr ein gesundes und harmonisches Zusammenleben. F\u00fcr Hundeanf\u00e4nger ist es oft nicht leicht, den \u00dcberblick zu behalten. Deshalb hier einige Orientierungspunkte:<\/p>\n<h3>Woran erkennt man einen seri\u00f6sen Z\u00fcchter?<\/h3>\n<p>Ein verantwortungsvoller Z\u00fcchter \u2026<\/p>\n<ul>\n<li>z\u00fcchtet in der Regel <strong>nur eine Rasse<\/strong>, h\u00f6chstens zwei<\/li>\n<li>h\u00e4lt <strong>nur wenige Zuchttiere bei sich zuhause.<\/strong><\/li>\n<li>informiert Sie ausf\u00fchrlich \u00fcber die Rasse, ihre Eigenheiten und Bed\u00fcrfnisse<\/li>\n<li>steht Ihnen auch <strong>nach dem Kauf mit Rat und Tat<\/strong> zur Seite<\/li>\n<li>versucht nicht, Ihnen einen Welpen \u201eaufzuschwatzen\u201c<\/li>\n<li>erkundigt sich nach Ihren Lebensumst\u00e4nden (Platz, Zeit, Erfahrung etc.)<\/li>\n<li>l\u00e4sst seine H\u00fcndin <strong>h\u00f6chstens einmal im Jahr, besser noch alle 1,5 Jahre\u00a0<\/strong> werfen und gibt ihr ausreichend Erholung<\/li>\n<li>setzt seine H\u00fcndin <strong>erst ab der 2. L\u00e4ufigkeit<\/strong> ein und nicht l\u00e4nger als bis zum 8. Lebensjahr<\/li>\n<li>l\u00e4sst die <strong>Elterntiere auf rassetypische Krankheiten untersuchen<\/strong><\/li>\n<li>gibt die Welpen <strong>fr\u00fchestens mit 8 Wochen<\/strong> ab<\/li>\n<li>erm\u00f6glicht, die Mutterh\u00fcndin mit ihren Welpen zu sehen und zeigt ggf. auch den Vater (oder Fotos)<\/li>\n<li>h\u00e4lt die Wurfkiste und das Welpenzimmer <strong>sauber und gepflegt<\/strong><\/li>\n<li>zieht <strong>neugierige, aufgeschlossene Welpen<\/strong> gro\u00df<\/li>\n<li>erlaubt <strong>Besuche ab der 4.\u20136. Woche<\/strong><\/li>\n<li>pr\u00e4gt und sozialisiert die Welpen (verschiedene Ger\u00e4usche, Untergr\u00fcnde, Menschen, Tiere, Spielzeug)<\/li>\n<li>gibt die Welpen <strong>geimpft, mehrfach entwurmt, mit Gesundheitszeugnis und Chip\/T\u00e4towierung<\/strong> und <strong>Ahnentafel<\/strong> ab<\/li>\n<\/ul>\n<hr \/>\n<h2>Vorsicht vor Massenz\u00fcchtern!<\/h2>\n<p>Gerade bei Retrievern gibt es viele <strong>schwarze Schafe<\/strong>, die ausschlie\u00dflich auf Profit aus sind.<br \/>\nIhre Welpen sind oft besonders g\u00fcnstig, aber der Preis wird mit der <strong>Gesundheit und dem Wohlbefinden<\/strong> der Tiere bezahlt.<\/p>\n<p>Massenz\u00fcchter \u2026<\/p>\n<ul>\n<li>setzen ihre H\u00fcndinnen als <strong>\u201eWurfmaschinen\u201c<\/strong> ein (mehrmals j\u00e4hrlich, bis ins hohe Alter)<\/li>\n<li>verzichten auf Gesundheitsuntersuchungen (zu teuer)<\/li>\n<li>verpaaren die Hunde wahllos<\/li>\n<li>verkaufen Welpen oft \u00fcber Internetportale f\u00fcr 300 \u20ac oder weniger<\/li>\n<li>sparen bei Impfungen, Entwurmungen und Sozialisation<\/li>\n<li>halten Welpen in <strong>Kellern, K\u00e4figen oder Schuppen<\/strong>, ohne Umweltreize, ohne Kontakt zu Menschen<\/li>\n<\/ul>\n<p>Die Folgen:<br \/>\nViele dieser Welpen sind krank, schwach gepr\u00e4gt und entwickeln sp\u00e4ter gro\u00dfe Probleme im Verhalten.<br \/>\nSelbst mit bester Erziehung lassen sich Unsicherheit, \u00c4ngstlichkeit oder Aggression oft nur noch mildern, aber nicht mehr vollst\u00e4ndig beheben. Zudem k\u00f6nnen Tierarztkosten schnell mehrere tausend Euro betragen.<\/p>\n<hr \/>\n<h3>Anzeichen f\u00fcr einen unseri\u00f6sen Z\u00fcchter<\/h3>\n<ul>\n<li><strong>Billigpreise<\/strong>, Welpen als \u201eSchn\u00e4ppchen\u201c<\/li>\n<li><strong>mehrere Rassen<\/strong> im Angebot<\/li>\n<li>sehr viele Zuchth\u00fcndinnen und W\u00fcrfe<\/li>\n<li>keine Impfungen, keine Entwurmung<\/li>\n<li>die Mutterh\u00fcndin ist <strong>nicht zu besichtigen<\/strong><\/li>\n<li>Besuche sind <strong>unerw\u00fcnscht<\/strong><\/li>\n<li>Welpen j\u00fcnger als 8 Wochen werden abgegeben<\/li>\n<li>Mutterh\u00fcndin und Welpen machen einen <strong>ungesunden Eindruck<\/strong><\/li>\n<li>Welpen sind <strong>\u00e4ngstlich oder scheu<\/strong><\/li>\n<li>der Verk\u00e4ufer ist nicht der Z\u00fcchter selbst<\/li>\n<\/ul>\n<hr \/>\n<h2>Fazit<\/h2>\n<p>Retriever sind aufgrund ihres Wesens und Aussehens sehr beliebt, und genau das nutzen unseri\u00f6se Z\u00fcchter aus. Sie locken mit niedrigen Preisen und teilweise gef\u00e4lschten Papieren.<\/p>\n<p>&#x1f449; Wer auf Nummer sicher gehen will, sollte sich die <strong>Zuchtbedingungen, die Auflagen und die Gesundheitsergebnisse<\/strong> genau zeigen lassen. Ein seri\u00f6ser Z\u00fcchter wird das <strong>stolz und offen<\/strong> tun!<\/p>\n<hr \/>\n<p>&nbsp;<\/p>\n<p><a href=\"https:\/\/amazingflatbeauties.files.wordpress.com\/2016\/03\/img_4640.jpg\"><img data-recalc-dims=\"1\" decoding=\"async\" src=\"https:\/\/amazingflatbeauties.files.wordpress.com\/2016\/03\/img_4640.jpg?w=529\" alt=\"\" \/><\/a><\/p>\n","protected":false},"excerpt":{"rendered":"<p>&nbsp; Den richtigen Z\u00fcchter finden Wenn die Entscheidung f\u00fcr einen Hund gut \u00fcberlegt ist, stellt sich die n\u00e4chste wichtige Frage: &hellip;<\/p>\n<p><a href=\"https:\/\/amazing-flat-beauties.de\/?page_id=3890\">Continue reading <span class=\"meta-nav\">&rarr;<\/span><\/a><\/p>\n","protected":false},"author":1,"featured_media":0,"parent":9985,"menu_order":5,"comment_status":"open","ping_status":"open","template":"","meta":{"jetpack_post_was_ever_published":false,"footnotes":""},"class_list":["post-3890","page","type-page","status-publish","hentry"],"jetpack_sharing_enabled":true,"jetpack_shortlink":"https:\/\/wp.me\/P9WiID-10K","jetpack-related-posts":[],"_links":{"self":[{"href":"https:\/\/amazing-flat-beauties.de\/index.php?rest_route=\/wp\/v2\/pages\/3890","targetHints":{"allow":["GET"]}}],"collection":[{"href":"https:\/\/amazing-flat-beauties.de\/index.php?rest_route=\/wp\/v2\/pages"}],"about":[{"href":"https:\/\/amazing-flat-beauties.de\/index.php?rest_route=\/wp\/v2\/types\/page"}],"author":[{"embeddable":true,"href":"https:\/\/amazing-flat-beauties.de\/index.php?rest_route=\/wp\/v2\/users\/1"}],"replies":[{"embeddable":true,"href":"https:\/\/amazing-flat-beauties.de\/index.php?rest_route=%2Fwp%2Fv2%2Fcomments&post=3890"}],"version-history":[{"count":2,"href":"https:\/\/amazing-flat-beauties.de\/index.php?rest_route=\/wp\/v2\/pages\/3890\/revisions"}],"predecessor-version":[{"id":12375,"href":"https:\/\/amazing-flat-beauties.de\/index.php?rest_route=\/wp\/v2\/pages\/3890\/revisions\/12375"}],"up":[{"embeddable":true,"href":"https:\/\/amazing-flat-beauties.de\/index.php?rest_route=\/wp\/v2\/pages\/9985"}],"wp:attachment":[{"href":"https:\/\/amazing-flat-beauties.de\/index.php?rest_route=%2Fwp%2Fv2%2Fmedia&parent=3890"}],"curies":[{"name":"wp","href":"https:\/\/api.w.org\/{rel}","templated":true}]}}