{"id":4104,"date":"2013-01-27T19:00:43","date_gmt":"2013-01-27T18:00:43","guid":{"rendered":"http:\/\/amazingflatbeauties.wordpress.com\/?page_id=4104"},"modified":"2026-04-30T19:46:16","modified_gmt":"2026-04-30T17:46:16","slug":"seminare","status":"publish","type":"page","link":"https:\/\/amazing-flat-beauties.de\/?page_id=4104","title":{"rendered":"SEMINARE"},"content":{"rendered":"<p><strong>Mit Pr\u00fcfung vom 14.03.2013 habe ich den<br \/>\nSachkunde-Nachweis \u00a711 Tierschutzgesetz bestanden.<br \/>\n(Veterin\u00e4ramt Marburg)<br \/>\n<\/strong><\/p>\n<p>Von mir besuchte Seminare \/ Veranstaltungen \/Trainingseinheiten<\/p>\n<p><strong>Dummytraining\/Dummyarbeit<\/strong><\/p>\n<p><strong>Pfeifenarbeit <\/strong><\/p>\n<p><strong>Wasserarbeit<\/strong><\/p>\n<p><strong>Longiertraining<\/strong><br \/>\n<strong><br \/>\nBescheinigung der Sachkunde gem\u00e4\u00df Landeshundegesetz <\/strong><\/p>\n<p><strong>K\u00f6rpersprache und Ausdrucksverhalten Hund &#8211; Hund \/ Mensch &#8211; Hund<\/strong><\/p>\n<p><strong>Zuchtseminar &#8211; Grundkurs<\/strong><\/p>\n<p><strong>Zuchtseminar &#8211; Aufbaukurs<\/strong><\/p>\n<h2>Einer geht noch &#8211; Mehrhundehaltung<\/h2>\n<p><strong>Ein Welpe wird geboren \u2013 aus der Praxis f\u00fcr die Praxis<\/strong><\/p>\n<p><strong>Erste Hilfe am Hund<\/strong><\/p>\n<p><strong>Eignungstest Rettungshund<\/strong><\/p>\n<p><strong>Ausbildung zum Sanit\u00e4tshelfer<\/strong><\/p>\n<p>Gut gesch\u00fctzt in die neue\u00a0<b>Familie ( Abgabe Welpen )VDH Kolleg<\/b><\/p>\n<p>Dar\u00fcber hinaus verf\u00fcge ich als Z\u00fcchterin selbstverst\u00e4ndlich \u00fcber Sachkundenachweise zu den Themen Hundezucht, Zuchtlinien, Vererbung, Genotypenbestimmung, Anatomie, Aufzucht.<\/p>\n<p><strong>2025 Zuchtwartausbildung mit bestandener Pr\u00fcfung (ACI. e.V.)<\/strong><\/p>\n","protected":false},"excerpt":{"rendered":"<p>Mit Pr\u00fcfung vom 14.03.2013 habe ich den Sachkunde-Nachweis \u00a711 Tierschutzgesetz bestanden. (Veterin\u00e4ramt Marburg) Von mir besuchte Seminare \/ Veranstaltungen \/Trainingseinheiten &hellip;<\/p>\n<p><a href=\"https:\/\/amazing-flat-beauties.de\/?page_id=4104\">Continue reading <span class=\"meta-nav\">&rarr;<\/span><\/a><\/p>\n","protected":false},"author":1,"featured_media":0,"parent":9985,"menu_order":7,"comment_status":"open","ping_status":"open","template":"","meta":{"jetpack_post_was_ever_published":false,"footnotes":""},"class_list":["post-4104","page","type-page","status-publish","hentry"],"jetpack_sharing_enabled":true,"jetpack_shortlink":"https:\/\/wp.me\/P9WiID-14c","jetpack-related-posts":[],"_links":{"self":[{"href":"https:\/\/amazing-flat-beauties.de\/index.php?rest_route=\/wp\/v2\/pages\/4104","targetHints":{"allow":["GET"]}}],"collection":[{"href":"https:\/\/amazing-flat-beauties.de\/index.php?rest_route=\/wp\/v2\/pages"}],"about":[{"href":"https:\/\/amazing-flat-beauties.de\/index.php?rest_route=\/wp\/v2\/types\/page"}],"author":[{"embeddable":true,"href":"https:\/\/amazing-flat-beauties.de\/index.php?rest_route=\/wp\/v2\/users\/1"}],"replies":[{"embeddable":true,"href":"https:\/\/amazing-flat-beauties.de\/index.php?rest_route=%2Fwp%2Fv2%2Fcomments&post=4104"}],"version-history":[{"count":4,"href":"https:\/\/amazing-flat-beauties.de\/index.php?rest_route=\/wp\/v2\/pages\/4104\/revisions"}],"predecessor-version":[{"id":12520,"href":"https:\/\/amazing-flat-beauties.de\/index.php?rest_route=\/wp\/v2\/pages\/4104\/revisions\/12520"}],"up":[{"embeddable":true,"href":"https:\/\/amazing-flat-beauties.de\/index.php?rest_route=\/wp\/v2\/pages\/9985"}],"wp:attachment":[{"href":"https:\/\/amazing-flat-beauties.de\/index.php?rest_route=%2Fwp%2Fv2%2Fmedia&parent=4104"}],"curies":[{"name":"wp","href":"https:\/\/api.w.org\/{rel}","templated":true}]}}