{"id":4155,"date":"2013-02-11T09:57:51","date_gmt":"2013-02-11T08:57:51","guid":{"rendered":"http:\/\/amazingflatbeauties.wordpress.com\/?page_id=4155"},"modified":"2023-11-08T22:39:07","modified_gmt":"2023-11-08T21:39:07","slug":"flat-ja-oder-nein","status":"publish","type":"page","link":"https:\/\/amazing-flat-beauties.de\/?page_id=4155","title":{"rendered":"Flat ja oder nein?"},"content":{"rendered":"<p>Der Flat Coated Retriever ist der Peter Pan unter den Retrievern !<br \/>\nDas muss man wissen und verinnerlichen. Erwachsen werden dauert manchmal 10 Jahre und mehr und genau deswegen lieben wir diese sch\u00f6nste und tollste Rasse der Welt so sehr<\/p>\n<p><strong><\/strong><\/p>\n<p><strong><img data-recalc-dims=\"1\" loading=\"lazy\" decoding=\"async\" data-attachment-id=\"11836\" data-permalink=\"https:\/\/amazing-flat-beauties.de\/?attachment_id=11836\" data-orig-file=\"https:\/\/i0.wp.com\/amazing-flat-beauties.de\/wp-content\/uploads\/2023\/11\/img_7134.jpg?fit=1024%2C1024&amp;ssl=1\" data-orig-size=\"1024,1024\" data-comments-opened=\"1\" data-image-meta=\"{&quot;aperture&quot;:&quot;0&quot;,&quot;credit&quot;:&quot;&quot;,&quot;camera&quot;:&quot;&quot;,&quot;caption&quot;:&quot;&quot;,&quot;created_timestamp&quot;:&quot;0&quot;,&quot;copyright&quot;:&quot;&quot;,&quot;focal_length&quot;:&quot;0&quot;,&quot;iso&quot;:&quot;0&quot;,&quot;shutter_speed&quot;:&quot;0&quot;,&quot;title&quot;:&quot;&quot;,&quot;orientation&quot;:&quot;1&quot;}\" data-image-title=\"img_7134\" data-image-description=\"\" data-image-caption=\"\" data-medium-file=\"https:\/\/i0.wp.com\/amazing-flat-beauties.de\/wp-content\/uploads\/2023\/11\/img_7134.jpg?fit=300%2C300&amp;ssl=1\" data-large-file=\"https:\/\/i0.wp.com\/amazing-flat-beauties.de\/wp-content\/uploads\/2023\/11\/img_7134.jpg?fit=529%2C529&amp;ssl=1\" src=\"https:\/\/i0.wp.com\/amazing-flat-beauties.de\/wp-content\/uploads\/2023\/11\/img_7134.jpg?resize=529%2C529&#038;ssl=1\" class=\"size-full wp-image-11836\" width=\"529\" height=\"529\" srcset=\"https:\/\/i0.wp.com\/amazing-flat-beauties.de\/wp-content\/uploads\/2023\/11\/img_7134.jpg?w=1024&amp;ssl=1 1024w, https:\/\/i0.wp.com\/amazing-flat-beauties.de\/wp-content\/uploads\/2023\/11\/img_7134.jpg?resize=300%2C300&amp;ssl=1 300w, https:\/\/i0.wp.com\/amazing-flat-beauties.de\/wp-content\/uploads\/2023\/11\/img_7134.jpg?resize=150%2C150&amp;ssl=1 150w, https:\/\/i0.wp.com\/amazing-flat-beauties.de\/wp-content\/uploads\/2023\/11\/img_7134.jpg?resize=768%2C768&amp;ssl=1 768w\" sizes=\"auto, (max-width: 529px) 100vw, 529px\" \/><\/strong><\/p>\n<p><strong><\/strong><\/p>\n<p><strong><\/strong><\/p>\n<p><strong><img data-recalc-dims=\"1\" loading=\"lazy\" decoding=\"async\" data-attachment-id=\"11758\" data-permalink=\"https:\/\/amazing-flat-beauties.de\/?attachment_id=11758\" data-orig-file=\"https:\/\/i0.wp.com\/amazing-flat-beauties.de\/wp-content\/uploads\/2023\/11\/img_6918.jpg?fit=1024%2C1024&amp;ssl=1\" data-orig-size=\"1024,1024\" data-comments-opened=\"1\" data-image-meta=\"{&quot;aperture&quot;:&quot;0&quot;,&quot;credit&quot;:&quot;&quot;,&quot;camera&quot;:&quot;&quot;,&quot;caption&quot;:&quot;&quot;,&quot;created_timestamp&quot;:&quot;0&quot;,&quot;copyright&quot;:&quot;&quot;,&quot;focal_length&quot;:&quot;0&quot;,&quot;iso&quot;:&quot;0&quot;,&quot;shutter_speed&quot;:&quot;0&quot;,&quot;title&quot;:&quot;&quot;,&quot;orientation&quot;:&quot;1&quot;}\" data-image-title=\"img_6918\" data-image-description=\"\" data-image-caption=\"\" data-medium-file=\"https:\/\/i0.wp.com\/amazing-flat-beauties.de\/wp-content\/uploads\/2023\/11\/img_6918.jpg?fit=300%2C300&amp;ssl=1\" data-large-file=\"https:\/\/i0.wp.com\/amazing-flat-beauties.de\/wp-content\/uploads\/2023\/11\/img_6918.jpg?fit=529%2C529&amp;ssl=1\" src=\"https:\/\/i0.wp.com\/amazing-flat-beauties.de\/wp-content\/uploads\/2023\/11\/img_6918.jpg?resize=529%2C529&#038;ssl=1\" class=\"size-full wp-image-11758\" width=\"529\" height=\"529\" srcset=\"https:\/\/i0.wp.com\/amazing-flat-beauties.de\/wp-content\/uploads\/2023\/11\/img_6918.jpg?w=1024&amp;ssl=1 1024w, https:\/\/i0.wp.com\/amazing-flat-beauties.de\/wp-content\/uploads\/2023\/11\/img_6918.jpg?resize=300%2C300&amp;ssl=1 300w, https:\/\/i0.wp.com\/amazing-flat-beauties.de\/wp-content\/uploads\/2023\/11\/img_6918.jpg?resize=150%2C150&amp;ssl=1 150w, https:\/\/i0.wp.com\/amazing-flat-beauties.de\/wp-content\/uploads\/2023\/11\/img_6918.jpg?resize=768%2C768&amp;ssl=1 768w\" sizes=\"auto, (max-width: 529px) 100vw, 529px\" \/>Vor dem Kauf sind einige \u00dcberlegungen zu bedenken!<br \/>\nSind alle Entscheidungstr\u00e4ger damit einverstanden?<\/strong><\/p>\n<p>Ein Flat Coated Retriever geh\u00f6rt niemals in einen Zwinger, sondern als Familienmitglied ins Haus oder die Wohnung.<br \/>\nDort werden Sie bald Hundehaare finden. Sind Sie dazu bereit?<br \/>\nWenn ein Retriever gen\u00fcgend Auslauf erh\u00e4lt, kann er auch problemlos in einer kleineren Etagenwohnung gehalten werden.<\/p>\n<p>Flatcoated&nbsp;Retriever haben eine Lebenserwartung von 10-15 Jahren.<br \/>\nSind sie bereit, Ihr Leben w\u00e4hrend dieser Zeit mit ihm zu teilen?<br \/>\nSie sollten Ihre Ferien, Ihren Urlaub so planen, dass Ihr Hund sie begleiten kann.<br \/>\nIst es nicht m\u00f6glich, sollten Sie Ihren Liebling bei einer Ihnen vertrauten Person unterbringen.<\/p>\n<p>Was, wenn in Ihrem Haus bereits andere Tiere leben (Katze, Hamster, Hase, usw.) ?<\/p>\n<p>Wenn der Welpe behutsam an andere Tiere gew\u00f6hnt wird, sind keine Probleme zu erwarten.<br \/>\nFlat Coated&nbsp;Retriever k\u00f6nnen sehr gute Reitbegleithunde sein, und mit Katzen entstehen oft enge Bindungen und Freundschaften.<\/p>\n<p><span style=\"text-decoration: underline\"><strong>Checkliste<br \/>\n<\/strong><\/span><\/p>\n<p>\u2022 Habe ich gen\u00fcgend Zeit, mich mit ihm zu besch\u00e4ftigen?<br \/>\n\u2022 Bin ich bereit (oder die Familie) meine Hobbys dem Hund anzupassen?<br \/>\n\u2022 M\u00f6chte ich einen Hund, der sich am liebsten in meiner N\u00e4he aufh\u00e4lt?<br \/>\n\u2022 M\u00f6chte ich meinen Hund fast \u00fcberall mitnehmen?<br \/>\n\u2022 M\u00f6chte ich auch meinen Vierbeiner mit in den Urlaub nehmen?<br \/>\n\u2022 Habe ich auch jemanden, der sich um den Vierbeiner k\u00fcmmert, wenn ich einmal keine Zeit habe oder einmal ohne Hund verreisen m\u00f6chte?<br \/>\n\u2022 Kann ich damit umgehen, dass f\u00fcr den wasserfreudigen Hund keine Pf\u00fctzen und Schlammb\u00e4der zu schmutzig sind?<br \/>\n\u2022 Bin ich bereit, einen&nbsp;Flat zu erziehen?<br \/>\n\u2022 Gehe ich bei jedem Wetter Gassi \/ Wer geht Gassi?<br \/>\n\u2022 Kann ich f\u00fcr ihn sorgen (Futter, Erziehungsma\u00dfnahmen, Impfungen, Wurmkur usw.)?<br \/>\n<strong>&nbsp;Sind sie bereit f\u00fcr diesen phantastischen Hund???<\/strong><\/p>\n<p><strong><img data-recalc-dims=\"1\" loading=\"lazy\" decoding=\"async\" data-attachment-id=\"11759\" data-permalink=\"https:\/\/amazing-flat-beauties.de\/?attachment_id=11759\" data-orig-file=\"https:\/\/i0.wp.com\/amazing-flat-beauties.de\/wp-content\/uploads\/2023\/11\/img_6898.jpg?fit=1024%2C1024&amp;ssl=1\" data-orig-size=\"1024,1024\" data-comments-opened=\"1\" data-image-meta=\"{&quot;aperture&quot;:&quot;0&quot;,&quot;credit&quot;:&quot;&quot;,&quot;camera&quot;:&quot;&quot;,&quot;caption&quot;:&quot;&quot;,&quot;created_timestamp&quot;:&quot;0&quot;,&quot;copyright&quot;:&quot;&quot;,&quot;focal_length&quot;:&quot;0&quot;,&quot;iso&quot;:&quot;0&quot;,&quot;shutter_speed&quot;:&quot;0&quot;,&quot;title&quot;:&quot;&quot;,&quot;orientation&quot;:&quot;1&quot;}\" data-image-title=\"img_6898\" data-image-description=\"\" data-image-caption=\"\" data-medium-file=\"https:\/\/i0.wp.com\/amazing-flat-beauties.de\/wp-content\/uploads\/2023\/11\/img_6898.jpg?fit=300%2C300&amp;ssl=1\" data-large-file=\"https:\/\/i0.wp.com\/amazing-flat-beauties.de\/wp-content\/uploads\/2023\/11\/img_6898.jpg?fit=529%2C529&amp;ssl=1\" src=\"https:\/\/i0.wp.com\/amazing-flat-beauties.de\/wp-content\/uploads\/2023\/11\/img_6898.jpg?resize=529%2C529&#038;ssl=1\" class=\"size-full wp-image-11759\" width=\"529\" height=\"529\" srcset=\"https:\/\/i0.wp.com\/amazing-flat-beauties.de\/wp-content\/uploads\/2023\/11\/img_6898.jpg?w=1024&amp;ssl=1 1024w, https:\/\/i0.wp.com\/amazing-flat-beauties.de\/wp-content\/uploads\/2023\/11\/img_6898.jpg?resize=300%2C300&amp;ssl=1 300w, https:\/\/i0.wp.com\/amazing-flat-beauties.de\/wp-content\/uploads\/2023\/11\/img_6898.jpg?resize=150%2C150&amp;ssl=1 150w, https:\/\/i0.wp.com\/amazing-flat-beauties.de\/wp-content\/uploads\/2023\/11\/img_6898.jpg?resize=768%2C768&amp;ssl=1 768w\" sizes=\"auto, (max-width: 529px) 100vw, 529px\" \/><\/strong><\/p>\n<p><strong><img data-recalc-dims=\"1\" loading=\"lazy\" decoding=\"async\" data-attachment-id=\"11760\" data-permalink=\"https:\/\/amazing-flat-beauties.de\/?attachment_id=11760\" data-orig-file=\"https:\/\/i0.wp.com\/amazing-flat-beauties.de\/wp-content\/uploads\/2023\/11\/img_6580.jpg?fit=1290%2C1210&amp;ssl=1\" data-orig-size=\"1290,1210\" data-comments-opened=\"1\" data-image-meta=\"{&quot;aperture&quot;:&quot;0&quot;,&quot;credit&quot;:&quot;&quot;,&quot;camera&quot;:&quot;&quot;,&quot;caption&quot;:&quot;&quot;,&quot;created_timestamp&quot;:&quot;0&quot;,&quot;copyright&quot;:&quot;&quot;,&quot;focal_length&quot;:&quot;0&quot;,&quot;iso&quot;:&quot;0&quot;,&quot;shutter_speed&quot;:&quot;0&quot;,&quot;title&quot;:&quot;&quot;,&quot;orientation&quot;:&quot;1&quot;}\" data-image-title=\"img_6580\" data-image-description=\"\" data-image-caption=\"\" data-medium-file=\"https:\/\/i0.wp.com\/amazing-flat-beauties.de\/wp-content\/uploads\/2023\/11\/img_6580.jpg?fit=300%2C281&amp;ssl=1\" data-large-file=\"https:\/\/i0.wp.com\/amazing-flat-beauties.de\/wp-content\/uploads\/2023\/11\/img_6580.jpg?fit=529%2C496&amp;ssl=1\" src=\"https:\/\/i0.wp.com\/amazing-flat-beauties.de\/wp-content\/uploads\/2023\/11\/img_6580.jpg?resize=529%2C496&#038;ssl=1\" class=\"size-full wp-image-11760\" width=\"529\" height=\"496\" srcset=\"https:\/\/i0.wp.com\/amazing-flat-beauties.de\/wp-content\/uploads\/2023\/11\/img_6580.jpg?w=1290&amp;ssl=1 1290w, https:\/\/i0.wp.com\/amazing-flat-beauties.de\/wp-content\/uploads\/2023\/11\/img_6580.jpg?resize=300%2C281&amp;ssl=1 300w, https:\/\/i0.wp.com\/amazing-flat-beauties.de\/wp-content\/uploads\/2023\/11\/img_6580.jpg?resize=1024%2C960&amp;ssl=1 1024w, https:\/\/i0.wp.com\/amazing-flat-beauties.de\/wp-content\/uploads\/2023\/11\/img_6580.jpg?resize=768%2C720&amp;ssl=1 768w\" sizes=\"auto, (max-width: 529px) 100vw, 529px\" \/><br \/>\n<\/strong><\/p>\n<p>A Golden says;<br \/>\nShow me what you want,<br \/>\nexplain me why<br \/>\nand I will do it.<\/p>\n<p>A Labrador says;<br \/>\nShow me what you want,<br \/>\nforget the why<br \/>\nand I will get out to do it my way.<\/p>\n<p>A Flatcoat says;<br \/>\nI already know what you want<br \/>\nand why you want it,<br \/>\nnow step aside<br \/>\nand I will show you<br \/>\na better way of doing it.<\/p>\n<ol>\n<li>K\u00f6nnen Sie in Anwesenheit von G\u00e4sten ein Hundehaar aus der Butterdose ziehen, ohne davon peinlich ber\u00fchrt zu sein?<\/li>\n<li>K\u00f6nnen Sie den Rest der Welt davon \u00fcberzeugen, dass es topmodisch ist, eingewebte braune oder schwarze Fellstreifen in jedem Kleidungsst\u00fcck zu haben?<\/li>\n<li>Haben Sie die F\u00e4higkeit cool zu bleiben, wenn derselbe Hund, der sich beim Training perfekt verh\u00e4lt, sich bei einem Wettbewerb dazu entschlie\u00dft, der Welt zu zeigen, wie urkomisch und witzig er sein kann? (Dabei ist zu beachten, dass dies in der Regel dann geschieht, wenn die Startgeb\u00fchr horrend teuer war und der Wettbewerb eine ca. 8 st\u00fcndige Fahrt entfernt liegt und Ihrer der einzige Flat \u00fcberhaupt war)<\/li>\n<li>K\u00f6nnen Sie, nachdem Sie gerade Besen und Staubsauger weg ger\u00e4umt haben, den Boden mit den kleinen darauf herumliegenden Fellb\u00fcscheln ansehen und denken: \u201eVielleicht sollte ich mir noch einen zweiten Flat stricken\u201c und nicht: \u201e Wozu habe ich gerade den verdammten Boden gewischt???\u201c<\/li>\n<li>K\u00f6nnen Sie auch dann noch vergn\u00fcgt Tennis spielen, wenn Sie am Platz angekommen herausfinden, dass Sie nur noch platte und \u201enackte\u201c Tennisb\u00e4lle haben?<\/li>\n<li>K\u00f6nnen Sie sich daran gew\u00f6hnen, das Haus erst immer 45 Minuten sp\u00e4ter als geplant zu verlassen, um eine Runde des \u201eSchuh-Jagd-oder-Such-Spiels\u201c zu spielen?<\/li>\n<li>Wollen Sie die Kunst des B\u00fcrstens von beweglichen Gegenst\u00e4nden perfektionieren, z.B. indem Sie versuchen, einen wedelnden Schwanz zu k\u00e4mmen?<\/li>\n<li>Kommen Sie dar\u00fcber hinweg, dass Sie d\u00e4mlich in Ihrem Vorgarten stehen, in Jagdklamotten, eine Pfeife im Mund, eine Schreckschusspistole in der einen Hand, einen Dummy in der anderen Hand und nach einem unsichtbaren vierbeinigen Monster rufen?<\/li>\n<li>Sind Sie dazu in der Lage, schmutzige Unterw\u00e4sche 5 Minuten vor Ankunft der G\u00e4ste unter dem Sofa hervorzuziehen ohne sich dar\u00fcber zu wundern, wie die dort hingekommen ist?<\/li>\n<li>Sind Sie dazu in der Lage, schmutzige Unterw\u00e4sche mitten vom Wohnzimmerboden aufzuhaben, 5 Minuten nachdem die G\u00e4ste angekommen sind und dann auch noch zu erkl\u00e4ren, wie sie dort hingekommen ist?<\/li>\n<li>K\u00f6nnen Sie einen anstupsenden Kopf mit kalter, feuchter Nase streicheln, dabei einen ekligen, schlotzigen Tennisball werfen und diesen Vorgang f\u00fcr eine gute Stunde oder l\u00e4nger wiederholen, ohne den Faden in einem Gespr\u00e4ch oder Fernsehfilm zu verlieren?<\/li>\n<li>Sind Sie v\u00f6llig entspannt dar\u00fcber, dass ein 25 \u2013 35 kg schwerer und 5 Jahre alter Welpe mit Ihnen unter einem Dach wohnt, und das nur deswegen, weil dem Hund niemand gesagt hat, dass man auch mal erwachsen wird?<\/li>\n<li>Sie sind au\u00dferordentlich dankbar, dass nur Oberfl\u00e4chen ab ca. einem halben Meter H\u00f6he vom Staub befreit werden m\u00fcssen?<\/li>\n<li>K\u00f6nnen Sie nett l\u00e4cheln und dabei zum 1000sten Male sagen: \u201eDas ist kein schwarzer Golden, keine Mischung aus Labbie und Setter, auch kein schwarzer Setter, sondern ein Flatcoated Retriever und dabei ganz cool bleiben?<\/li>\n<li><a href=\"https:\/\/i0.wp.com\/amazing-flat-beauties.de\/wp-content\/uploads\/2023\/11\/img_6935-1.jpg?ssl=1\"><img data-recalc-dims=\"1\" loading=\"lazy\" decoding=\"async\" data-attachment-id=\"11831\" data-permalink=\"https:\/\/amazing-flat-beauties.de\/?attachment_id=11831\" data-orig-file=\"https:\/\/i0.wp.com\/amazing-flat-beauties.de\/wp-content\/uploads\/2023\/11\/img_6935-1.jpg?fit=1024%2C1024&amp;ssl=1\" data-orig-size=\"1024,1024\" data-comments-opened=\"1\" data-image-meta=\"{&quot;aperture&quot;:&quot;0&quot;,&quot;credit&quot;:&quot;&quot;,&quot;camera&quot;:&quot;&quot;,&quot;caption&quot;:&quot;&quot;,&quot;created_timestamp&quot;:&quot;0&quot;,&quot;copyright&quot;:&quot;&quot;,&quot;focal_length&quot;:&quot;0&quot;,&quot;iso&quot;:&quot;0&quot;,&quot;shutter_speed&quot;:&quot;0&quot;,&quot;title&quot;:&quot;&quot;,&quot;orientation&quot;:&quot;1&quot;}\" data-image-title=\"img_6935-1\" data-image-description=\"\" data-image-caption=\"\" data-medium-file=\"https:\/\/i0.wp.com\/amazing-flat-beauties.de\/wp-content\/uploads\/2023\/11\/img_6935-1.jpg?fit=300%2C300&amp;ssl=1\" data-large-file=\"https:\/\/i0.wp.com\/amazing-flat-beauties.de\/wp-content\/uploads\/2023\/11\/img_6935-1.jpg?fit=529%2C529&amp;ssl=1\" src=\"https:\/\/i0.wp.com\/amazing-flat-beauties.de\/wp-content\/uploads\/2023\/11\/img_6935-1.jpg?resize=529%2C529&#038;ssl=1\" class=\"aligncenter size-full wp-image-11831\" alt=\"\" width=\"529\" height=\"529\" srcset=\"https:\/\/i0.wp.com\/amazing-flat-beauties.de\/wp-content\/uploads\/2023\/11\/img_6935-1.jpg?w=1024&amp;ssl=1 1024w, https:\/\/i0.wp.com\/amazing-flat-beauties.de\/wp-content\/uploads\/2023\/11\/img_6935-1.jpg?resize=300%2C300&amp;ssl=1 300w, https:\/\/i0.wp.com\/amazing-flat-beauties.de\/wp-content\/uploads\/2023\/11\/img_6935-1.jpg?resize=150%2C150&amp;ssl=1 150w, https:\/\/i0.wp.com\/amazing-flat-beauties.de\/wp-content\/uploads\/2023\/11\/img_6935-1.jpg?resize=768%2C768&amp;ssl=1 768w\" sizes=\"auto, (max-width: 529px) 100vw, 529px\" \/><\/a><\/li>\n<\/ol>\n","protected":false},"excerpt":{"rendered":"<p>Der Flat Coated Retriever ist der Peter Pan unter den Retrievern ! Das muss man wissen und verinnerlichen. Erwachsen werden &hellip;<\/p>\n<p><a href=\"https:\/\/amazing-flat-beauties.de\/?page_id=4155\">Continue reading <span class=\"meta-nav\">&rarr;<\/span><\/a><\/p>\n","protected":false},"author":1,"featured_media":0,"parent":4212,"menu_order":0,"comment_status":"open","ping_status":"open","template":"","meta":{"jetpack_post_was_ever_published":false,"footnotes":""},"class_list":["post-4155","page","type-page","status-publish","hentry"],"jetpack_sharing_enabled":true,"jetpack_shortlink":"https:\/\/wp.me\/P9WiID-151","jetpack-related-posts":[],"_links":{"self":[{"href":"https:\/\/amazing-flat-beauties.de\/index.php?rest_route=\/wp\/v2\/pages\/4155","targetHints":{"allow":["GET"]}}],"collection":[{"href":"https:\/\/amazing-flat-beauties.de\/index.php?rest_route=\/wp\/v2\/pages"}],"about":[{"href":"https:\/\/amazing-flat-beauties.de\/index.php?rest_route=\/wp\/v2\/types\/page"}],"author":[{"embeddable":true,"href":"https:\/\/amazing-flat-beauties.de\/index.php?rest_route=\/wp\/v2\/users\/1"}],"replies":[{"embeddable":true,"href":"https:\/\/amazing-flat-beauties.de\/index.php?rest_route=%2Fwp%2Fv2%2Fcomments&post=4155"}],"version-history":[{"count":6,"href":"https:\/\/amazing-flat-beauties.de\/index.php?rest_route=\/wp\/v2\/pages\/4155\/revisions"}],"predecessor-version":[{"id":11839,"href":"https:\/\/amazing-flat-beauties.de\/index.php?rest_route=\/wp\/v2\/pages\/4155\/revisions\/11839"}],"up":[{"embeddable":true,"href":"https:\/\/amazing-flat-beauties.de\/index.php?rest_route=\/wp\/v2\/pages\/4212"}],"wp:attachment":[{"href":"https:\/\/amazing-flat-beauties.de\/index.php?rest_route=%2Fwp%2Fv2%2Fmedia&parent=4155"}],"curies":[{"name":"wp","href":"https:\/\/api.w.org\/{rel}","templated":true}]}}