{"id":4212,"date":"2013-02-15T08:17:53","date_gmt":"2013-02-15T07:17:53","guid":{"rendered":"http:\/\/amazingflatbeauties.wordpress.com\/?page_id=4212"},"modified":"2023-11-08T22:26:14","modified_gmt":"2023-11-08T21:26:14","slug":"der-flat-coated-retriever","status":"publish","type":"page","link":"https:\/\/amazing-flat-beauties.de\/?page_id=4212","title":{"rendered":"Der Flat Coated Retriever"},"content":{"rendered":"<h2><img data-recalc-dims=\"1\" loading=\"lazy\" decoding=\"async\" data-attachment-id=\"11752\" data-permalink=\"https:\/\/amazing-flat-beauties.de\/?attachment_id=11752\" data-orig-file=\"https:\/\/i0.wp.com\/amazing-flat-beauties.de\/wp-content\/uploads\/2023\/11\/img_6967-1.jpg?fit=1024%2C1024&amp;ssl=1\" data-orig-size=\"1024,1024\" data-comments-opened=\"1\" data-image-meta=\"{&quot;aperture&quot;:&quot;0&quot;,&quot;credit&quot;:&quot;&quot;,&quot;camera&quot;:&quot;&quot;,&quot;caption&quot;:&quot;&quot;,&quot;created_timestamp&quot;:&quot;0&quot;,&quot;copyright&quot;:&quot;&quot;,&quot;focal_length&quot;:&quot;0&quot;,&quot;iso&quot;:&quot;0&quot;,&quot;shutter_speed&quot;:&quot;0&quot;,&quot;title&quot;:&quot;&quot;,&quot;orientation&quot;:&quot;1&quot;}\" data-image-title=\"img_6967-1\" data-image-description=\"\" data-image-caption=\"\" data-large-file=\"https:\/\/i0.wp.com\/amazing-flat-beauties.de\/wp-content\/uploads\/2023\/11\/img_6967-1.jpg?fit=529%2C529&amp;ssl=1\" src=\"https:\/\/i0.wp.com\/amazing-flat-beauties.de\/wp-content\/uploads\/2023\/11\/img_6967-1.jpg?resize=529%2C529&#038;ssl=1\" class=\"size-full wp-image-11752\" width=\"529\" height=\"529\" srcset=\"https:\/\/i0.wp.com\/amazing-flat-beauties.de\/wp-content\/uploads\/2023\/11\/img_6967-1.jpg?w=1024&amp;ssl=1 1024w, https:\/\/i0.wp.com\/amazing-flat-beauties.de\/wp-content\/uploads\/2023\/11\/img_6967-1.jpg?resize=300%2C300&amp;ssl=1 300w, https:\/\/i0.wp.com\/amazing-flat-beauties.de\/wp-content\/uploads\/2023\/11\/img_6967-1.jpg?resize=150%2C150&amp;ssl=1 150w, https:\/\/i0.wp.com\/amazing-flat-beauties.de\/wp-content\/uploads\/2023\/11\/img_6967-1.jpg?resize=768%2C768&amp;ssl=1 768w\" sizes=\"auto, (max-width: 529px) 100vw, 529px\" \/>Aussehen<\/h2>\n<p>Der Flat-Coated Retriever ist mittelgro\u00df, hat ca. 56 bis 61 cm Schulterh\u00f6he, kr\u00e4ftige Knochen und ist von ansprechender Eleganz. Sein Gewicht betr\u00e4gt ca. 25 bis 35 kg. Er soll weder schwerf\u00e4llig noch \u00fcbertrieben schlank wirken. Das Fell ist mittellang und meist glatt anliegend, leichte Wellen kommen vor und werden akzeptiert. Die Farbe ist schwarz, selten auch leberbraun. Der schlanke Kopf hat nur einen leichten Stop in Augenh\u00f6he. Die Augen sind mittelgro\u00df, dunkel bis haselnussbraun, mit einem intelligenten Ausdruck. Der Flat hat eine breite und tiefe Brust. Die muskul\u00f6se Hinterhand ist gut gewinkelt mit tief angesetztem Sprunggelenk. Die Rute ist gut behaart und wedelt fast immer. Das dichte, seidige Fell hat gute Unterwolle und bedarf relativ wenig Pflege.<\/p>\n<h2>Charakter<\/h2>\n<p>Der Flat-Coated Retriever ist ein aktiver Hund, der Besch\u00e4ftigung liebt und gerne etwas lernen m\u00f6chte. Er ist lebhaft bis temperamentvoll, ohne hektisch zu sein. Ein sicheres und freundliches Wesen zeichnet ihn aus. Er ist kinderlieb und passt sich gut in die verschiedensten &#8222;Menschenrudel&#8220; ein. Voraussetzungen hierf\u00fcr sind Liebe zum Hund und die Zeit f\u00fcr diesen. Im Zusammenleben mit seinen Menschen ist er sehr daran interessiert, ihnen zu gefallen. Die Engl\u00e4nder nennen diese Eigenschaft &#8222;will to please&#8220;.<\/p>\n<p>Wasser ist seine gro\u00dfe Leidenschaft. Das kann man w\u00f6rtlich nehmen, als Junghund macht er selbst um Matschpf\u00fctzen keinen Bogen. Er sollte ausgiebig M\u00f6glichkeit zum Schwimmen bekommen.<\/p>\n<h2>Die Geschichte der Rasse<\/h2>\n<p>Der Flat-Coated Retriever wurde um das Jahr 1850 zum ersten Mal gez\u00fcchtet und war um die Jahrhundertwende der beliebteste Apportierhund in England, besonders bei den dortigen Wildh\u00fctern.<\/p>\n<p>Der Ursprung der Rasse geht auf den gemeinsamen Stammvater aller Retrieverahnen, den &#8222;Saint John\u00b4s Dog&#8220; zur\u00fcck. Dieser kleine Neufundl\u00e4nder war ein kr\u00e4ftiger, ausdauernder Schwimmer und wurde von Seeleuten etwa Mitte des 18. Jahrhunderts nach England gebracht und vermutlich mit Setter, Sheepdog und Water-Spaniel gekreuzt.<\/p>\n<p>Seit 1980 wird der Flat auch in Deutschland gez\u00fcchtet.<\/p>\n<h2>Ausbildung<\/h2>\n<p>\u00dcber eins muss man sich vor dem Kauf eines Hundes im Klaren sein: Jeden Hund, den man nicht unter dem Arm tragen kann, muss man e&nbsp;r&nbsp;z&nbsp;i&nbsp;e&nbsp;h&nbsp;e&nbsp;n!<\/p>\n<p>Der Flat-Coated Retriever geh\u00f6rt zu den leichtf\u00fchrigen Hunderassen, jedoch kann die Verspieltheit des Junghundes am Anfang ein Konzentrations- und Ausbildungshindernis sein. Er ben\u00f6tigt eine konsequente, liebevolle Erziehung. Lassen Sie sich von dem treuen Blick nicht t\u00e4uschen, der Hund wei\u00df genau, was er soll. Er ist sensibel und mag keinen harten Ausbildungsdrill. Ein fantasievoller Ausbilder macht ihm das Lernen zum Vergn\u00fcgen.<\/p>\n<p>Apportieren ist neben der Wasserfreudigkeit die zweite Leidenschaft des Flat-Coated Retrievers.<\/p>\n<p>Mit Gef\u00fchl und systematisch aufgebauter Erziehung entwickelt diese Rasse ungeahnte F\u00e4higkeiten. Dies macht das Leben f\u00fcr einen Flat-Besitzer niemals langweilig.<\/p>\n<h2>Der Jagdhund<\/h2>\n<p>Der Flat-Coated Retriever ist ein passionierter Jagdhund, ehemals gez\u00fcchtet f\u00fcr die Arbeit nach dem Schuss.<\/p>\n<p>Er ist ein sehr guter Apporteur mit einem unerm\u00fcdlichen Finderwillen. Er sucht sehr gut unter der Flinte, arbeitet aber auch hervorragend selbstst\u00e4ndig seinem F\u00fchrer zu. Er ist kein Vorsteher, trotzdem zeigt er seinem kundigen Besitzer das Wild an. Seine Wasserfreude macht ihn zu einem ausgezeichneten Entenj\u00e4ger. Durch seine rassetypische Weichm\u00e4uligkeit ist er auf Niederwildjagden gern gesehen. Bei Nachsuchen auf Schalenwild leistet er exzellente Arbeit, sollte allerdings eher f\u00fcr Totsuchen verwendet werden. Er jagt nicht laut, besitzt aber oft eine ausreichende Wildsch\u00e4rfe.<\/p>\n<p>Unter dem Strich ist er eine \u00fcberlegenswerte Alternative f\u00fcr alle J\u00e4ger, die zus\u00e4tzlich einen Hund m\u00f6chten, mit dem sie au\u00dferhalb der Jagdsaison gut und stressfrei zusammenleben k\u00f6nnen. Von dieser Rasse profitiert die ganze Familie, denn ihre F\u00e4higkeiten und Anpassungsbereitschaft beschr\u00e4nken sich nicht nur auf die eines Jagdgehilfen.<\/p>\n<h2>Alternative Ausbildung<\/h2>\n<p>Durch den bereits erw\u00e4hnten Finderwillen wird der Flat auch als Such- und Sp\u00fcrhund f\u00fcr Sprengstoffe und Rauschgift gern eingesetzt. Sein hoher Spieltrieb, die Menschenfreundlichkeit, seine Nervenst\u00e4rke ebenso wie die angeborene Neugier machen seinen Einsatz auch in schwierigem Gel\u00e4nde m\u00f6glich. Als Lawinen-, Rettungs- und Sanit\u00e4tshund leistet er ebenfalls gute Dienste. Die Liebe zu seinem Besitzer motiviert ihn zu H\u00f6chstleistungen.<\/p>\n<p>Hundesport in Form von Agility, Breitensport oder Flyball sind f\u00fcr den Flat als Familienhund eine gern angenommen Alternative zur &#8222;ernsten&#8220; Arbeit und stellen ein breites Bet\u00e4tigungsfeld dar.<\/p>\n<p>Die klassische Besch\u00e4ftigung f\u00fcr einen &#8222;Familien-Flat&#8220; ist jedoch die Dummyarbeit. Hierbei liegt der Schwerpunkt auf dem Apportieren. Es wird ein Dummy benutzt, das ist ein weiches Apportel, das urspr\u00fcnglich aus England kommt.<\/p>\n<p>Dem Hund werden die unterschiedlichsten Apportieraufgaben unter den verschiedensten Gel\u00e4ndebedingungen, zu Lande und zu Wasser gestellt. Deren L\u00f6sung erfordert ein H\u00f6chstma\u00df an geistiger und k\u00f6rperlicher Fitness und ist genau das Richtige f\u00fcr den Flat.<\/p>\n<p>Alle diese M\u00f6glichkeiten erfordern jedoch Zeit, Spa\u00df am gemeinsamen Lernen mit dem Hund und Eigeninitiative vom Flatbesitzer. Bietet man seinem Hund nichts von all dem oben genannten als sinnvolle Besch\u00e4ftigung, wird er sich unter Umst\u00e4nden selbst einen Ersatz suchen, und der wird nicht immer die Zustimmung seines Besitzers finden.<\/p>\n<h2>Anforderungen an den Hundebesitzer<\/h2>\n<p>Wenn Sie ein unternehmungslustiger, beweglicher Mensch sind, f\u00fchlt sich ein Flat in Ihrer N\u00e4he wohl. Falls Sie jedoch den ganzen Tag berufst\u00e4tig sind, ist dieser Hund nicht f\u00fcr Sie geeignet. Zur Zwingerhaltung ist diese Rasse ebenfalls ungeeignet, die Hunde k\u00fcmmern und machen wenig Freude. Am liebsten hat der Flat-Coated Retriever Menschen, denen er sich vollkommen anschlie\u00dfen darf. Eine Familie mit Kindern kann bei seiner Verspieltheit ideal sein, aber genauso bleibt er nach einem Spaziergang einmal alleine zu Hause und schl\u00e4ft ausgiebig.<\/p>\n<h2>Andere Tiere<\/h2>\n<p>Bei guter Sozialisierung ist er ein freundlicher Spielpartner f\u00fcr gro\u00dfe und kleine Hunde. Als Zweithund w\u00e4chst er problemlos in die Familie hinein und verb\u00fcndet sich schnell mit dem &#8222;Alten&#8220;. Der Flat vertr\u00e4gt sich mit allen Tieren des Hauses. Wie immer braucht man als Mensch nur etwas Fingerspitzengef\u00fchl f\u00fcr die erste Begegnung. Er ist ein angenehmer Begleiter zu Pferd und ein toleranter Mitbewohner f\u00fcr die eigene Katze.<\/p>\n<h2>Gesundheit<\/h2>\n<p>Die maximale Lebenserwartung betr\u00e4gt ca.10 bis 12 Jahre. Nat\u00fcrlich gibt es auch \u00e4ltere Hunde. Der Flat-Coated Retriever ist ein gesunder und robuster Hund. Mit Gelenkserkrankungen wie HD oder ED hat er so gut wie keine Probleme. Sicherlich liegt seine Gesundheit auch darin begr\u00fcndet, dass er&nbsp; unter sehr strengen Zuchtbestimmungen gez\u00fcchtet wird.<\/p>\n","protected":false},"excerpt":{"rendered":"<p>Aussehen Der Flat-Coated Retriever ist mittelgro\u00df, hat ca. 56 bis 61 cm Schulterh\u00f6he, kr\u00e4ftige Knochen und ist von ansprechender Eleganz. &hellip;<\/p>\n<p><a href=\"https:\/\/amazing-flat-beauties.de\/?page_id=4212\">Continue reading <span class=\"meta-nav\">&rarr;<\/span><\/a><\/p>\n","protected":false},"author":1,"featured_media":0,"parent":9985,"menu_order":3,"comment_status":"open","ping_status":"open","template":"","meta":{"jetpack_post_was_ever_published":false,"footnotes":""},"class_list":["post-4212","page","type-page","status-publish","hentry"],"jetpack_sharing_enabled":true,"jetpack_shortlink":"https:\/\/wp.me\/P9WiID-15W","jetpack-related-posts":[],"_links":{"self":[{"href":"https:\/\/amazing-flat-beauties.de\/index.php?rest_route=\/wp\/v2\/pages\/4212","targetHints":{"allow":["GET"]}}],"collection":[{"href":"https:\/\/amazing-flat-beauties.de\/index.php?rest_route=\/wp\/v2\/pages"}],"about":[{"href":"https:\/\/amazing-flat-beauties.de\/index.php?rest_route=\/wp\/v2\/types\/page"}],"author":[{"embeddable":true,"href":"https:\/\/amazing-flat-beauties.de\/index.php?rest_route=\/wp\/v2\/users\/1"}],"replies":[{"embeddable":true,"href":"https:\/\/amazing-flat-beauties.de\/index.php?rest_route=%2Fwp%2Fv2%2Fcomments&post=4212"}],"version-history":[{"count":4,"href":"https:\/\/amazing-flat-beauties.de\/index.php?rest_route=\/wp\/v2\/pages\/4212\/revisions"}],"predecessor-version":[{"id":11835,"href":"https:\/\/amazing-flat-beauties.de\/index.php?rest_route=\/wp\/v2\/pages\/4212\/revisions\/11835"}],"up":[{"embeddable":true,"href":"https:\/\/amazing-flat-beauties.de\/index.php?rest_route=\/wp\/v2\/pages\/9985"}],"wp:attachment":[{"href":"https:\/\/amazing-flat-beauties.de\/index.php?rest_route=%2Fwp%2Fv2%2Fmedia&parent=4212"}],"curies":[{"name":"wp","href":"https:\/\/api.w.org\/{rel}","templated":true}]}}