{"id":521,"date":"2012-06-09T15:16:05","date_gmt":"2012-06-09T13:16:05","guid":{"rendered":"http:\/\/amazingflatbeauties.wordpress.com\/?page_id=521"},"modified":"2021-10-14T19:33:58","modified_gmt":"2021-10-14T17:33:58","slug":"links","status":"publish","type":"page","link":"https:\/\/amazing-flat-beauties.de\/?page_id=521","title":{"rendered":"Links"},"content":{"rendered":"<p><a href=\"https:\/\/www.flatcoated-zuechter.de\"><strong>https:\/\/www.flatcoated-zuechter.de<\/strong><\/a><\/p>\n<div id=\"attachment_11006\" style=\"width: 1436px\" class=\"wp-caption aligncenter\"><a href=\"https:\/\/i0.wp.com\/amazing-flat-beauties.de\/wp-content\/uploads\/2020\/05\/Bildschirmfoto-2020-05-28-um-20.55.20.png?ssl=1\"><img data-recalc-dims=\"1\" loading=\"lazy\" decoding=\"async\" aria-describedby=\"caption-attachment-11006\" data-attachment-id=\"11006\" data-permalink=\"https:\/\/amazing-flat-beauties.de\/?attachment_id=11006\" data-orig-file=\"https:\/\/i0.wp.com\/amazing-flat-beauties.de\/wp-content\/uploads\/2020\/05\/Bildschirmfoto-2020-05-28-um-20.55.20.png?fit=1426%2C782&amp;ssl=1\" data-orig-size=\"1426,782\" data-comments-opened=\"1\" data-image-meta=\"{&quot;aperture&quot;:&quot;0&quot;,&quot;credit&quot;:&quot;&quot;,&quot;camera&quot;:&quot;&quot;,&quot;caption&quot;:&quot;&quot;,&quot;created_timestamp&quot;:&quot;0&quot;,&quot;copyright&quot;:&quot;&quot;,&quot;focal_length&quot;:&quot;0&quot;,&quot;iso&quot;:&quot;0&quot;,&quot;shutter_speed&quot;:&quot;0&quot;,&quot;title&quot;:&quot;&quot;,&quot;orientation&quot;:&quot;0&quot;}\" data-image-title=\"Bildschirmfoto 2020-05-28 um 20.55.20\" data-image-description=\"\" data-image-caption=\"\" data-medium-file=\"https:\/\/i0.wp.com\/amazing-flat-beauties.de\/wp-content\/uploads\/2020\/05\/Bildschirmfoto-2020-05-28-um-20.55.20.png?fit=300%2C165&amp;ssl=1\" data-large-file=\"https:\/\/i0.wp.com\/amazing-flat-beauties.de\/wp-content\/uploads\/2020\/05\/Bildschirmfoto-2020-05-28-um-20.55.20.png?fit=529%2C290&amp;ssl=1\" class=\"wp-image-11006 size-full\" src=\"https:\/\/i0.wp.com\/amazing-flat-beauties.de\/wp-content\/uploads\/2020\/05\/Bildschirmfoto-2020-05-28-um-20.55.20.png?resize=529%2C290&#038;ssl=1\" alt=\"https:\/\/www.flatcoated-zuechter.de\" width=\"529\" height=\"290\" srcset=\"https:\/\/i0.wp.com\/amazing-flat-beauties.de\/wp-content\/uploads\/2020\/05\/Bildschirmfoto-2020-05-28-um-20.55.20.png?w=1426&amp;ssl=1 1426w, https:\/\/i0.wp.com\/amazing-flat-beauties.de\/wp-content\/uploads\/2020\/05\/Bildschirmfoto-2020-05-28-um-20.55.20.png?resize=300%2C165&amp;ssl=1 300w, https:\/\/i0.wp.com\/amazing-flat-beauties.de\/wp-content\/uploads\/2020\/05\/Bildschirmfoto-2020-05-28-um-20.55.20.png?resize=1024%2C562&amp;ssl=1 1024w, https:\/\/i0.wp.com\/amazing-flat-beauties.de\/wp-content\/uploads\/2020\/05\/Bildschirmfoto-2020-05-28-um-20.55.20.png?resize=768%2C421&amp;ssl=1 768w\" sizes=\"auto, (max-width: 529px) 100vw, 529px\" \/><\/a><p id=\"caption-attachment-11006\" class=\"wp-caption-text\">https:\/\/www.flatcoated-zuechter.de<\/p><\/div>\n<p align=\"left\">Diese Website erleichtert die Suche nach Z\u00fcchtern und Deckr\u00fcdenbesitzern der Rasse Flat Coated Retriever.<\/p>\n<p align=\"left\">Alle auf dieser Homepage zu findenden Z\u00fcchter und Deckr\u00fcdenbesitzer sind nicht kommerziell und in diesen Zuchtst\u00e4tten gibt es weder Zwingerhaltung noch Massenzuchten. Alle dort aufgef\u00fchrten W\u00fcrfe stammen aus liebevollen Familienzuchten.<\/p>\n<p class=\"alignleft\" title=\"https:\/\/www.flatcoated-zuechter.de\" align=\"left\">\u00a0<\/p>\n<p><strong><a href=\"https:\/\/www.flatcoated-zuechter.de\">https:\/\/www.flatcoated-zuechter.de<\/a><\/strong><\/p>\n<p>\u00a0<\/p>\n\n\n<figure class=\"wp-block-image size-full is-style-default\"><a href=\"https:\/\/www.tiierisch.de\"><img data-recalc-dims=\"1\" loading=\"lazy\" decoding=\"async\" width=\"529\" height=\"158\" data-attachment-id=\"11429\" data-permalink=\"https:\/\/amazing-flat-beauties.de\/?attachment_id=11429\" data-orig-file=\"https:\/\/i0.wp.com\/amazing-flat-beauties.de\/wp-content\/uploads\/2021\/10\/Bildschirmfoto-2021-10-14-um-19.19.05.png?fit=1016%2C304&amp;ssl=1\" data-orig-size=\"1016,304\" data-comments-opened=\"1\" data-image-meta=\"{&quot;aperture&quot;:&quot;0&quot;,&quot;credit&quot;:&quot;&quot;,&quot;camera&quot;:&quot;&quot;,&quot;caption&quot;:&quot;&quot;,&quot;created_timestamp&quot;:&quot;0&quot;,&quot;copyright&quot;:&quot;&quot;,&quot;focal_length&quot;:&quot;0&quot;,&quot;iso&quot;:&quot;0&quot;,&quot;shutter_speed&quot;:&quot;0&quot;,&quot;title&quot;:&quot;&quot;,&quot;orientation&quot;:&quot;0&quot;}\" data-image-title=\"Bildschirmfoto 2021-10-14 um 19.19.05\" data-image-description=\"\" data-image-caption=\"\" data-medium-file=\"https:\/\/i0.wp.com\/amazing-flat-beauties.de\/wp-content\/uploads\/2021\/10\/Bildschirmfoto-2021-10-14-um-19.19.05.png?fit=300%2C90&amp;ssl=1\" data-large-file=\"https:\/\/i0.wp.com\/amazing-flat-beauties.de\/wp-content\/uploads\/2021\/10\/Bildschirmfoto-2021-10-14-um-19.19.05.png?fit=529%2C158&amp;ssl=1\" src=\"https:\/\/i0.wp.com\/amazing-flat-beauties.de\/wp-content\/uploads\/2021\/10\/Bildschirmfoto-2021-10-14-um-19.19.05.png?resize=529%2C158&#038;ssl=1\" alt=\"\" class=\"wp-image-11429\" srcset=\"https:\/\/i0.wp.com\/amazing-flat-beauties.de\/wp-content\/uploads\/2021\/10\/Bildschirmfoto-2021-10-14-um-19.19.05.png?w=1016&amp;ssl=1 1016w, https:\/\/i0.wp.com\/amazing-flat-beauties.de\/wp-content\/uploads\/2021\/10\/Bildschirmfoto-2021-10-14-um-19.19.05.png?resize=300%2C90&amp;ssl=1 300w, https:\/\/i0.wp.com\/amazing-flat-beauties.de\/wp-content\/uploads\/2021\/10\/Bildschirmfoto-2021-10-14-um-19.19.05.png?resize=768%2C230&amp;ssl=1 768w\" sizes=\"auto, (max-width: 529px) 100vw, 529px\" \/><\/a><\/figure>\n","protected":false},"excerpt":{"rendered":"<p>https:\/\/www.flatcoated-zuechter.de Diese Website erleichtert die Suche nach Z\u00fcchtern und Deckr\u00fcdenbesitzern der Rasse Flat Coated Retriever. Alle auf dieser Homepage zu &hellip;<\/p>\n<p><a href=\"https:\/\/amazing-flat-beauties.de\/?page_id=521\">Continue reading <span class=\"meta-nav\">&rarr;<\/span><\/a><\/p>\n","protected":false},"author":1,"featured_media":0,"parent":197,"menu_order":0,"comment_status":"open","ping_status":"open","template":"","meta":{"jetpack_post_was_ever_published":false,"footnotes":""},"class_list":["post-521","page","type-page","status-publish","hentry"],"jetpack_sharing_enabled":true,"jetpack_shortlink":"https:\/\/wp.me\/P9WiID-8p","jetpack-related-posts":[],"_links":{"self":[{"href":"https:\/\/amazing-flat-beauties.de\/index.php?rest_route=\/wp\/v2\/pages\/521","targetHints":{"allow":["GET"]}}],"collection":[{"href":"https:\/\/amazing-flat-beauties.de\/index.php?rest_route=\/wp\/v2\/pages"}],"about":[{"href":"https:\/\/amazing-flat-beauties.de\/index.php?rest_route=\/wp\/v2\/types\/page"}],"author":[{"embeddable":true,"href":"https:\/\/amazing-flat-beauties.de\/index.php?rest_route=\/wp\/v2\/users\/1"}],"replies":[{"embeddable":true,"href":"https:\/\/amazing-flat-beauties.de\/index.php?rest_route=%2Fwp%2Fv2%2Fcomments&post=521"}],"version-history":[{"count":8,"href":"https:\/\/amazing-flat-beauties.de\/index.php?rest_route=\/wp\/v2\/pages\/521\/revisions"}],"predecessor-version":[{"id":11435,"href":"https:\/\/amazing-flat-beauties.de\/index.php?rest_route=\/wp\/v2\/pages\/521\/revisions\/11435"}],"up":[{"embeddable":true,"href":"https:\/\/amazing-flat-beauties.de\/index.php?rest_route=\/wp\/v2\/pages\/197"}],"wp:attachment":[{"href":"https:\/\/amazing-flat-beauties.de\/index.php?rest_route=%2Fwp%2Fv2%2Fmedia&parent=521"}],"curies":[{"name":"wp","href":"https:\/\/api.w.org\/{rel}","templated":true}]}}