{"id":5567,"date":"2013-11-03T17:14:15","date_gmt":"2013-11-03T16:14:15","guid":{"rendered":"http:\/\/amazingflatbeauties.wordpress.com\/?page_id=5567"},"modified":"2025-09-20T21:13:26","modified_gmt":"2025-09-20T19:13:26","slug":"unsere-hunde","status":"publish","type":"page","link":"https:\/\/amazing-flat-beauties.de\/?page_id=5567","title":{"rendered":"H\u00fcndinnen"},"content":{"rendered":"<p>Unsere Hunde, vor allem unsere R\u00fcden \u00a0leben bei Freunden damit sie auch gut ausgelastet werden k\u00f6nnen. Wir sind keine Freunde von einem gemischten Rudel. Das ist unserer Meinung nach \u00a0zu viel Stress f\u00fcr alle, aber das ist nur unsere Meinung. Ich kenne viele Z\u00fcchter die das so auch gut h\u00e4ndeln k\u00f6nnen, aber daf\u00fcr brauch man auch den Platz.<\/p>\n<p>Um mehr zu den einzelnen Hunden zu erfahren, einfach mit dem Cursor \u00fcber den jeweiligen Namen gehen und Klicken \u00a0\ud83d\ude09 Viel Spa\u00df !<\/p>\n","protected":false},"excerpt":{"rendered":"<p>Unsere Hunde, vor allem unsere R\u00fcden \u00a0leben bei Freunden damit sie auch gut ausgelastet werden k\u00f6nnen. Wir sind keine Freunde &hellip;<\/p>\n<p><a href=\"https:\/\/amazing-flat-beauties.de\/?page_id=5567\">Continue reading <span class=\"meta-nav\">&rarr;<\/span><\/a><\/p>\n","protected":false},"author":1,"featured_media":0,"parent":0,"menu_order":0,"comment_status":"open","ping_status":"open","template":"","meta":{"jetpack_post_was_ever_published":false,"footnotes":""},"class_list":["post-5567","page","type-page","status-publish","hentry"],"jetpack_sharing_enabled":true,"jetpack_shortlink":"https:\/\/wp.me\/P9WiID-1rN","jetpack-related-posts":[],"_links":{"self":[{"href":"https:\/\/amazing-flat-beauties.de\/index.php?rest_route=\/wp\/v2\/pages\/5567","targetHints":{"allow":["GET"]}}],"collection":[{"href":"https:\/\/amazing-flat-beauties.de\/index.php?rest_route=\/wp\/v2\/pages"}],"about":[{"href":"https:\/\/amazing-flat-beauties.de\/index.php?rest_route=\/wp\/v2\/types\/page"}],"author":[{"embeddable":true,"href":"https:\/\/amazing-flat-beauties.de\/index.php?rest_route=\/wp\/v2\/users\/1"}],"replies":[{"embeddable":true,"href":"https:\/\/amazing-flat-beauties.de\/index.php?rest_route=%2Fwp%2Fv2%2Fcomments&post=5567"}],"version-history":[{"count":5,"href":"https:\/\/amazing-flat-beauties.de\/index.php?rest_route=\/wp\/v2\/pages\/5567\/revisions"}],"predecessor-version":[{"id":12355,"href":"https:\/\/amazing-flat-beauties.de\/index.php?rest_route=\/wp\/v2\/pages\/5567\/revisions\/12355"}],"wp:attachment":[{"href":"https:\/\/amazing-flat-beauties.de\/index.php?rest_route=%2Fwp%2Fv2%2Fmedia&parent=5567"}],"curies":[{"name":"wp","href":"https:\/\/api.w.org\/{rel}","templated":true}]}}