{"id":6208,"date":"2014-05-06T23:52:50","date_gmt":"2014-05-06T21:52:50","guid":{"rendered":"http:\/\/amazingflatbeauties.wordpress.com\/?page_id=6208"},"modified":"2025-09-20T21:33:15","modified_gmt":"2025-09-20T19:33:15","slug":"gedanken-zur-zucht","status":"publish","type":"page","link":"https:\/\/amazing-flat-beauties.de\/?page_id=6208","title":{"rendered":"Gedanken zur Zucht"},"content":{"rendered":"<p>&nbsp;<\/p>\n<hr \/>\n<h1>Die Rassehundezucht<\/h1>\n<p>Viele Menschen sagen: \u201eWir brauchen keine Papiere, wir wollen nicht z\u00fcchten oder auf Ausstellungen gehen.\u201c<br \/>\nDoch das ist ein Irrtum!<\/p>\n<p>Es geht bei Papieren nicht um Ausstellungen, sondern um <strong>kontrollierte Rassehundezucht<\/strong>, die durch Ahnentafeln nachvollziehbar ist. Nur so kann gew\u00e4hrleistet werden, dass bei einer Verpaarung das Beste getan wird, um gesunde Welpen hervorzubringen.<\/p>\n<p>Bei Hunden ohne Ahnentafeln werden die Elterntiere h\u00e4ufig wahllos miteinander verpaart. Wohin Inzucht f\u00fchren kann, muss man kaum noch erkl\u00e4ren<br \/>\nDem Welpeninteressenten werden dann oft \u201eM\u00e4rchen\u201c erz\u00e4hlt, in Wahrheit geht es meist nur ums Geld!<\/p>\n<p>Leider gibt es zahlreiche schwarze Schafe, die unter fragw\u00fcrdigen Bedingungen \u201ez\u00fcchten\u201c. Auch dort gibt es Ahnentafeln \u2013 doch diese sind so wertlos wie das Papier, auf dem sie stehen. Die Zuchtauflagen solcher Vereine sind derma\u00dfen gering, dass nahezu jeder Hund \u2013 oft ohne nachgewiesene Gesundheitsergebnisse \u2013 zur Zucht eingesetzt werden darf. Allenfalls wird ein minimaler Blick auf den Inzuchtfaktor geworfen, und das war\u2019s dann auch.<\/p>\n<p>Die Folgen sind gravierend: Inzucht und fehlende Gesundheitsuntersuchungen (z. B. R\u00f6ntgenaufnahmen oder Augenuntersuchungen) f\u00fchren zu schwerwiegenden Krankheiten wie HD, ED, Arthrosen, Spondylosen oder erblichen Augenkrankheiten.<br \/>\nEine gewissenhafte Zucht wirkt solchen Risiken schon bei der Planung der Verpaarung entgegen.<\/p>\n<p>Fakt ist:<br \/>\nEin Hund aus unkontrollierter Zucht ist \u00fcber die Jahre hinweg, allein durch hohe Tierarztkosten \u2013 weitaus teurer als ein Hund aus einer kontrollierten Zucht.<\/p>\n<hr \/>\n<h2>Worauf Sie beim Welpenkauf achten sollten<\/h2>\n<p>Ein <strong>guter Z\u00fcchter<\/strong> ber\u00e4t Sie pers\u00f6nlich und erkl\u00e4rt im Detail, warum er sich f\u00fcr genau diese Verpaarung entschieden hat. Er zeigt Ihnen die Gesundheitsergebnisse der Elterntiere und hilft, die Ahnentafel zu \u201elesen\u201c. Sie werden \u00fcberrascht sein, wie viele Informationen darin stecken.<\/p>\n<hr \/>\n<h2>Unsere Erwartungen an Welpenk\u00e4ufer<\/h2>\n<p>Wir w\u00fcnschen uns Familien, die sich bewusst sind, welche Verantwortung sie mit einem Hund \u00fcbernehmen.<br \/>\nDie ersten Monate bedeuten volle Aufmerksamkeit \u2013 \u00e4hnlich wie bei einem kleinen Kind, nur dass der Welpe schneller erwachsen wird. Mit dem Einzug beginnt das Abenteuer Erziehung: Man hat alle H\u00e4nde voll zu tun, das neue Familienmitglied auf die gro\u00dfe, spannende Welt vorzubereiten.<\/p>\n<p>Der Flat vereint viele Anlagen in einer Rasse. Diese gilt es verantwortungsvoll zu f\u00f6rdern und auszubilden.<\/p>\n<hr \/>\n<h2>Unsere Welpen<\/h2>\n<p>Unsere Welpen verlassen mit acht Wochen unser Haus, geimpft, gechippt und mehrfach entwurmt.<br \/>\nAlle erhalten eine l\u00fcckenlose Ahnentafel. Unsere Zucht unterliegt den strengen Anforderungen und regelm\u00e4\u00dfigen Kontrollen des Zuchtverbandes.<\/p>\n<p>Unsere Zuchthunde werden umfassend auf HD, ED, OCD, Patellaluxation sowie PRA, HC, RD und Gonio untersucht. Die Zuchtst\u00e4tte ist vom Verband abgenommen. Jeder Wurf wird vor Abgabe durch einen Zuchtwart \u00fcberpr\u00fcft, inklusive Chipkontrolle, Impf- und Entwurmungsstatus, Wurfprotokoll und Aufzuchtbedingungen.<\/p>\n<p>Ein pers\u00f6nliches Kennenlernen ist ausdr\u00fccklich erw\u00fcnscht, gerne auch erstmal telefonisch.<br \/>\nBesuche w\u00e4hrend der Aufzucht sind ausdr\u00fccklich erw\u00fcnscht.<br \/>\nWir stehen unseren Welpenk\u00e4ufern ein Hundeleben lang mit Rat und Tat zur Seite.<\/p>\n<hr \/>\n<h2>Ehrlichkeit und Verantwortung<\/h2>\n<p>Seit Beginn unserer Zucht w\u00e4hlen wir unsere Zuchthunde nach bestem Wissen und Gewissen aus. Wir z\u00fcchten nach strengen Richtlinien, lassen alle Zuchthunde vor ihrem Einsatz tier\u00e4rztlich untersuchen und nur dann zu, wenn sie gesund und einwandfrei sind.<\/p>\n<p>Trotzdem gilt: <strong>Wir Z\u00fcchter sind keine G\u00f6tter.<\/strong><br \/>\nNiemand kann zu 100 % ausschlie\u00dfen, dass ein Welpe im Laufe seines Lebens erkrankt. Auch bei strengster Selektion k\u00f6nnen Krankheiten oder Auff\u00e4lligkeiten auftreten, rassespezifische Erkrankungen sind bei jeder Rasse (und auch bei Mischlingen!) genetisch vorhanden.<\/p>\n<p>Kein Z\u00fcchter dieser Welt kann Ihnen eine lebenslange Gesundheitsgarantie f\u00fcr einen Welpen geben.<\/p>\n<p>&nbsp;<\/p>\n","protected":false},"excerpt":{"rendered":"<p>&nbsp; Die Rassehundezucht Viele Menschen sagen: \u201eWir brauchen keine Papiere, wir wollen nicht z\u00fcchten oder auf Ausstellungen gehen.\u201c Doch das &hellip;<\/p>\n<p><a href=\"https:\/\/amazing-flat-beauties.de\/?page_id=6208\">Continue reading <span class=\"meta-nav\">&rarr;<\/span><\/a><\/p>\n","protected":false},"author":1,"featured_media":0,"parent":9985,"menu_order":6,"comment_status":"open","ping_status":"open","template":"","meta":{"jetpack_post_was_ever_published":false,"footnotes":""},"class_list":["post-6208","page","type-page","status-publish","hentry"],"jetpack_sharing_enabled":true,"jetpack_shortlink":"https:\/\/wp.me\/P9WiID-1C8","jetpack-related-posts":[],"_links":{"self":[{"href":"https:\/\/amazing-flat-beauties.de\/index.php?rest_route=\/wp\/v2\/pages\/6208","targetHints":{"allow":["GET"]}}],"collection":[{"href":"https:\/\/amazing-flat-beauties.de\/index.php?rest_route=\/wp\/v2\/pages"}],"about":[{"href":"https:\/\/amazing-flat-beauties.de\/index.php?rest_route=\/wp\/v2\/types\/page"}],"author":[{"embeddable":true,"href":"https:\/\/amazing-flat-beauties.de\/index.php?rest_route=\/wp\/v2\/users\/1"}],"replies":[{"embeddable":true,"href":"https:\/\/amazing-flat-beauties.de\/index.php?rest_route=%2Fwp%2Fv2%2Fcomments&post=6208"}],"version-history":[{"count":5,"href":"https:\/\/amazing-flat-beauties.de\/index.php?rest_route=\/wp\/v2\/pages\/6208\/revisions"}],"predecessor-version":[{"id":12360,"href":"https:\/\/amazing-flat-beauties.de\/index.php?rest_route=\/wp\/v2\/pages\/6208\/revisions\/12360"}],"up":[{"embeddable":true,"href":"https:\/\/amazing-flat-beauties.de\/index.php?rest_route=\/wp\/v2\/pages\/9985"}],"wp:attachment":[{"href":"https:\/\/amazing-flat-beauties.de\/index.php?rest_route=%2Fwp%2Fv2%2Fmedia&parent=6208"}],"curies":[{"name":"wp","href":"https:\/\/api.w.org\/{rel}","templated":true}]}}