{"id":6960,"date":"2015-03-11T14:02:15","date_gmt":"2015-03-11T12:02:15","guid":{"rendered":"https:\/\/amazingflatbeauties.wordpress.com\/?page_id=6960"},"modified":"2025-09-20T21:38:51","modified_gmt":"2025-09-20T19:38:51","slug":"eigene-deckruden","status":"publish","type":"page","link":"https:\/\/amazing-flat-beauties.de\/?page_id=6960","title":{"rendered":"R\u00fcden"},"content":{"rendered":"<p><span style=\"color: #000000;\"><strong>Unsere Deckr\u00fcden stehen allen gesunden und passenden Flat Coated Retriever H\u00fcndinnen vereinsunabh\u00e4ngig zur Verf\u00fcgung !<\/strong><\/span><br \/><strong>Siehe auch unter unsere Hunde<\/strong><\/p>\n<p><strong><a href=\"https:\/\/amazing-flat-beauties.de\/?page_id=11597\">Whizzbang&#8217;s show my your Skills &#8211; Loki<\/a><\/strong><\/p>\n<p><a href=\"https:\/\/amazing-flat-beauties.de\/?page_id=11377\"><strong>Amazing Flat Beauties &#8211; Kus<\/strong><\/a><a href=\"https:\/\/amazing-flat-beauties.de\/?page_id=11377\"><strong>ma<\/strong><\/a><\/p>\n<p><strong><a href=\"https:\/\/amazing-flat-beauties.de\/?page_id=11586\">It`s my Hero Aknel Top- Poldi<\/a><\/strong><\/p>\n<p><strong><a href=\"https:\/\/amazing-flat-beauties.de\/?page_id=9981\">Flatterhaft &#8211; A hard Days Night &#8211; Jack<\/a><\/strong><\/p>\n<p><strong><a href=\"https:\/\/wp.me\/P9WiID-310\">Sensbright Flatstar Nathan &#8211; Balou<\/a><\/strong><\/p>\n\n\n<p><strong><a href=\"https:\/\/amazing-flat-beauties.de\/?page_id=12013\">Rusinowko Lemon <\/a><\/strong><\/p>\n\n\n\n<p>F\u00fcr mehr infos auf den jeweiligen Hund klicken !<\/p>\n\n\n\n<p><\/p>\n","protected":false},"excerpt":{"rendered":"<p>Unsere Deckr\u00fcden stehen allen gesunden und passenden Flat Coated Retriever H\u00fcndinnen vereinsunabh\u00e4ngig zur Verf\u00fcgung !Siehe auch unter unsere Hunde Whizzbang&#8217;s &hellip;<\/p>\n<p><a href=\"https:\/\/amazing-flat-beauties.de\/?page_id=6960\">Continue reading <span class=\"meta-nav\">&rarr;<\/span><\/a><\/p>\n","protected":false},"author":1,"featured_media":0,"parent":0,"menu_order":3,"comment_status":"open","ping_status":"open","template":"","meta":{"jetpack_post_was_ever_published":false,"footnotes":""},"class_list":["post-6960","page","type-page","status-publish","hentry"],"jetpack_sharing_enabled":true,"jetpack_shortlink":"https:\/\/wp.me\/P9WiID-1Og","jetpack-related-posts":[],"_links":{"self":[{"href":"https:\/\/amazing-flat-beauties.de\/index.php?rest_route=\/wp\/v2\/pages\/6960","targetHints":{"allow":["GET"]}}],"collection":[{"href":"https:\/\/amazing-flat-beauties.de\/index.php?rest_route=\/wp\/v2\/pages"}],"about":[{"href":"https:\/\/amazing-flat-beauties.de\/index.php?rest_route=\/wp\/v2\/types\/page"}],"author":[{"embeddable":true,"href":"https:\/\/amazing-flat-beauties.de\/index.php?rest_route=\/wp\/v2\/users\/1"}],"replies":[{"embeddable":true,"href":"https:\/\/amazing-flat-beauties.de\/index.php?rest_route=%2Fwp%2Fv2%2Fcomments&post=6960"}],"version-history":[{"count":24,"href":"https:\/\/amazing-flat-beauties.de\/index.php?rest_route=\/wp\/v2\/pages\/6960\/revisions"}],"predecessor-version":[{"id":12361,"href":"https:\/\/amazing-flat-beauties.de\/index.php?rest_route=\/wp\/v2\/pages\/6960\/revisions\/12361"}],"wp:attachment":[{"href":"https:\/\/amazing-flat-beauties.de\/index.php?rest_route=%2Fwp%2Fv2%2Fmedia&parent=6960"}],"curies":[{"name":"wp","href":"https:\/\/api.w.org\/{rel}","templated":true}]}}