{"id":9981,"date":"2018-05-23T06:05:16","date_gmt":"2018-05-23T06:05:16","guid":{"rendered":"http:\/\/amazing-flat-beauties.de\/?page_id=9981"},"modified":"2026-03-17T20:12:02","modified_gmt":"2026-03-17T19:12:02","slug":"jack","status":"publish","type":"page","link":"https:\/\/amazing-flat-beauties.de\/?page_id=9981","title":{"rendered":"Flatterhaft a hard Days Night &#8211; Jack"},"content":{"rendered":"\n<p><strong>Flatterhaft \u2013 A Hard Days Night *23.03.2017<\/strong> (FCI PAPIERE)<br>(BOPPALOOZA I NATT \u00c4R DU MIN X (SE U(U)CH C.I.E. NO UCH FLATTERHAFT RULLGARDINA)<\/p>\n\n\n\n<p>HD B1\/B1 <br>ED 0\/0<br>Patella frei<br>PRA\/HC\/RD\/Gonio frei (DOK)<\/p>\n\n\n\n<p><br>Zuchttauglichkeitsbescheinigung ohne Auflagen, tauglich f\u00fcr die Standardzucht 12\/2018<\/p>\n\n\n\n<p>Formwert \u2013 Vorz\u00fcglich Zuchtzulassung erteilt 07\/2019<\/p>\n\n\n\n<p>Schulterh\u00f6he ca 65 cm&nbsp;<br><\/p>\n\n\n\n<p>Ausstellungserfolge:<\/p>\n\n\n\n<p>2017 World Dog Show Leipzig <br>sehr gut<\/p>\n\n\n\n<p>Bundessieger-Ausstellung<br>Dortmund 2018<br> V3<\/p>\n\n\n\n<p>Internationale<br>VDH<br>Rassehunde-Ausstellung<br>Ludwigshafen 2018<br>V1 <br>Anw. Dt. Ch. VDH<\/p>\n\n\n\n<p>GENT SRCF-KKMV<br>49e Flanders Dog Show<br>04.05.2019<br>Vorz\u00fcglich V1<br>RCAC \/ RCACIB<br><br>GENT SRCF-KKMV<br>49e Flanders Dog Show<br>05.05.2019<br>Vorz\u00fcglich V1<br>CAC\/ CACIB <br>BOS <br><br>Euro.Schau: BIS 2018 <br>Euro.Schau: Best of Class Nr.1 <br>2018 Nat.Ch. CAC <br>2018 Int. CH.<\/p>\n\n\n\n<p>Jack ist ein wundersch\u00f6ner reinerbig schwarzer R\u00fcde mit tollem Charakter. Er lebt mit einem Sohn von Sally ganz in unserer N\u00e4he und hat dort ein ganz normales Familienhundleben. Wir sind sehr stolz das er bei uns im Team steht. Man muss den gro\u00dfen schwarzen Teddy einfach lieb haben \ud83d\ude42<\/p>\n\n\n\n<figure class=\"wp-block-image size-large\"><img data-recalc-dims=\"1\" loading=\"lazy\" decoding=\"async\" width=\"529\" height=\"353\" data-attachment-id=\"12492\" data-permalink=\"https:\/\/amazing-flat-beauties.de\/?attachment_id=12492\" data-orig-file=\"https:\/\/i0.wp.com\/amazing-flat-beauties.de\/wp-content\/uploads\/2026\/03\/ChatGPT-Image-17.-Maerz-2026-11_29_08.png?fit=1536%2C1024&amp;ssl=1\" data-orig-size=\"1536,1024\" data-comments-opened=\"1\" data-image-meta=\"{&quot;aperture&quot;:&quot;0&quot;,&quot;credit&quot;:&quot;&quot;,&quot;camera&quot;:&quot;&quot;,&quot;caption&quot;:&quot;&quot;,&quot;created_timestamp&quot;:&quot;0&quot;,&quot;copyright&quot;:&quot;&quot;,&quot;focal_length&quot;:&quot;0&quot;,&quot;iso&quot;:&quot;0&quot;,&quot;shutter_speed&quot;:&quot;0&quot;,&quot;title&quot;:&quot;&quot;,&quot;orientation&quot;:&quot;0&quot;}\" data-image-title=\"ChatGPT Image 17. M\u00e4rz 2026, 11_29_08\" data-image-description=\"\" data-image-caption=\"\" data-medium-file=\"https:\/\/i0.wp.com\/amazing-flat-beauties.de\/wp-content\/uploads\/2026\/03\/ChatGPT-Image-17.-Maerz-2026-11_29_08.png?fit=300%2C200&amp;ssl=1\" data-large-file=\"https:\/\/i0.wp.com\/amazing-flat-beauties.de\/wp-content\/uploads\/2026\/03\/ChatGPT-Image-17.-Maerz-2026-11_29_08.png?fit=529%2C353&amp;ssl=1\" src=\"https:\/\/i0.wp.com\/amazing-flat-beauties.de\/wp-content\/uploads\/2026\/03\/ChatGPT-Image-17.-Maerz-2026-11_29_08.png?resize=529%2C353&#038;ssl=1\" alt=\"\" class=\"wp-image-12492\" srcset=\"https:\/\/i0.wp.com\/amazing-flat-beauties.de\/wp-content\/uploads\/2026\/03\/ChatGPT-Image-17.-Maerz-2026-11_29_08.png?resize=1024%2C683&amp;ssl=1 1024w, https:\/\/i0.wp.com\/amazing-flat-beauties.de\/wp-content\/uploads\/2026\/03\/ChatGPT-Image-17.-Maerz-2026-11_29_08.png?resize=300%2C200&amp;ssl=1 300w, https:\/\/i0.wp.com\/amazing-flat-beauties.de\/wp-content\/uploads\/2026\/03\/ChatGPT-Image-17.-Maerz-2026-11_29_08.png?resize=768%2C512&amp;ssl=1 768w, https:\/\/i0.wp.com\/amazing-flat-beauties.de\/wp-content\/uploads\/2026\/03\/ChatGPT-Image-17.-Maerz-2026-11_29_08.png?w=1536&amp;ssl=1 1536w\" sizes=\"auto, (max-width: 529px) 100vw, 529px\" \/><\/figure>\n","protected":false},"excerpt":{"rendered":"<p>Flatterhaft \u2013 A Hard Days Night *23.03.2017 (FCI PAPIERE)(BOPPALOOZA I NATT \u00c4R DU MIN X (SE U(U)CH C.I.E. NO UCH &hellip;<\/p>\n<p><a href=\"https:\/\/amazing-flat-beauties.de\/?page_id=9981\">Continue reading <span class=\"meta-nav\">&rarr;<\/span><\/a><\/p>\n","protected":false},"author":1,"featured_media":0,"parent":6960,"menu_order":4,"comment_status":"closed","ping_status":"closed","template":"","meta":{"jetpack_post_was_ever_published":false,"footnotes":""},"class_list":["post-9981","page","type-page","status-publish","hentry"],"jetpack_sharing_enabled":true,"jetpack_shortlink":"https:\/\/wp.me\/P9WiID-2AZ","jetpack-related-posts":[],"_links":{"self":[{"href":"https:\/\/amazing-flat-beauties.de\/index.php?rest_route=\/wp\/v2\/pages\/9981","targetHints":{"allow":["GET"]}}],"collection":[{"href":"https:\/\/amazing-flat-beauties.de\/index.php?rest_route=\/wp\/v2\/pages"}],"about":[{"href":"https:\/\/amazing-flat-beauties.de\/index.php?rest_route=\/wp\/v2\/types\/page"}],"author":[{"embeddable":true,"href":"https:\/\/amazing-flat-beauties.de\/index.php?rest_route=\/wp\/v2\/users\/1"}],"replies":[{"embeddable":true,"href":"https:\/\/amazing-flat-beauties.de\/index.php?rest_route=%2Fwp%2Fv2%2Fcomments&post=9981"}],"version-history":[{"count":34,"href":"https:\/\/amazing-flat-beauties.de\/index.php?rest_route=\/wp\/v2\/pages\/9981\/revisions"}],"predecessor-version":[{"id":12499,"href":"https:\/\/amazing-flat-beauties.de\/index.php?rest_route=\/wp\/v2\/pages\/9981\/revisions\/12499"}],"up":[{"embeddable":true,"href":"https:\/\/amazing-flat-beauties.de\/index.php?rest_route=\/wp\/v2\/pages\/6960"}],"wp:attachment":[{"href":"https:\/\/amazing-flat-beauties.de\/index.php?rest_route=%2Fwp%2Fv2%2Fmedia&parent=9981"}],"curies":[{"name":"wp","href":"https:\/\/api.w.org\/{rel}","templated":true}]}}